{"id":48,"date":"2014-05-13T14:10:22","date_gmt":"2014-05-13T14:10:22","guid":{"rendered":"http:\/\/www.cokoladnica-olimje.si\/?page_id=48"},"modified":"2024-09-25T17:49:38","modified_gmt":"2024-09-25T15:49:38","slug":"izleti","status":"publish","type":"page","link":"https:\/\/cokoladnica-olimje.si\/?page_id=48","title":{"rendered":"Izlet v Olimje"},"content":{"rendered":"<div id=\"pl-48\"  class=\"panel-layout\" ><div id=\"pg-48-0\"  class=\"panel-grid panel-no-style\" ><div id=\"pgc-48-0-0\"  class=\"panel-grid-cell\" ><div id=\"panel-48-0-0-0\" class=\"so-panel widget widget_text panel-first-child panel-last-child\" data-index=\"0\" >\t\t\t<div class=\"textwidget\"><p>Vas <a href=\"https:\/\/www.olimje.si\" target=\"_blank\">Olimje<\/a> je dobila Zlato medaljo za najbolj urejeno vas Evrope 2009.<\/p>\n<p>Izredno priljubljena izletni\u0161ka to\u010dka je \u010cokoladnica Olimje. Nahaja se nasproti <a href=\"http:\/\/www.olimje.net\" target=\"_blank\">Minoritski samostan Olimje<\/a>. Hoja po idili\u010dni potki traja 2 minuti. Pred \u010cokoladnico Olimje imamo tudi dve ogromni parkiri\u0161\u010di. Vsak gost, ki vstopi v \u010dokoladna butika, se mora najprej nau\u017eiti \u010dokoladnih vonjav, ki ga obdajajo. Po pregledu ogromnega prodajnega programa, od bombonjer do pralinejev na rinfuzo, tabli\u010dnih \u010dokolad, \u010dokoladnih figur in \u017eelejev, ugotovite, da se ni tako enostavno odlo\u010diti, kaj bi kupili.<\/p>\n<p>V \u010cokoladnici Olimje imamo pripravljeno malo prezentacijo za velike skupine. Priporo\u010deno je, da se skupine predhodno najavijo, da lahko pripravimo male \u010dokoladice za degustacijo. Vsako leto gostimo nekaj skupin, od maja do konca \u0161olskega leta otroke in mladino, poleti turiste iz Slovenije in cele Evrope, od septembra do decembra pa starej\u0161e generacije.<\/p>\n<p>Vsaki skupini, ki se predhodno najavi, predstavimo na\u0161o zgodovino in kratek opis \u010dokolade in pralinejev. V velikem butiku imamo razstavljena dva stroja za oblivanje in modeliranje, kjer demonstriramo pretakanja \u010dokolade. Na koncu vsakega gosta pogostimo s 3 g mle\u010dno \u010dokoladico. Prezentacija je brezpla\u010dna. Proizvodnje ne poka\u017eemo, ker smo omejeni s prostorom in higienskimi standardi HACCP.<\/p>\n<p>Ko obi\u0161\u010dete zlato vas <a href=\"https:\/\/www.olimje.si\" target=\"_blank\">Olimje<\/a>, ne smete spregledati ostalih znamenitosti na\u0161ega kraja. Naprej od samostana <a href=\"https:\/\/www.olimje.si\" target=\"_blank\">Olimje<\/a> je <a href=\"http:\/\/www.jelenov-greben.si\" target=\"_blank\">Jelenov Greban<\/a>, kjer se na ogromnem ran\u010du pasejo jeleni. 3 km od trga <a href=\"https:\/\/www.olimje.si\" target=\"_blank\">Olimje<\/a> je <a href=\"http:\/\/www.carovnica.com\/koca-pri-carovnici\" target=\"_blank\">De\u017eela pravljic in domi\u0161ljije<\/a>, kjer prebivajo pravlji\u010dna bitja. Vas <a href=\"https:\/\/www.olimje.si\" target=\"_blank\">Olimje<\/a> ima tudi svojo <a href=\"http:\/\/www.haler-sp.si\/\" target=\"_blank\">pivovarno in pivnico Haler<\/a> ter <a href=\"http:\/\/www.amon.si\" target=\"_blank\">golf s gosti\u0161\u010dem Amon<\/a>. Prav tako pa ne smete zamuditi bazenskega kompleksa   <a href=\"http:\/\/www.terme-olimia.com\" target=\"_blank\">Terme Olimia in Aqualuno<\/a>, ki stoji nedale\u010d stran od nas.<\/p>\n<p>Razi\u0161\u010dite \u010dar \u010cokoladnice Olimje, locirana v osupljivi pokrajini Kozjansko. Na\u0161e \u010dokolade s kreacijami iz najbolj\u0161ih sestavin \u017eelimo zadovoljiti vsakogar. Vabimo vas, da nas obi\u0161\u010dete v Olimju na sladkem do\u017eivetju, obdanem s \u010dudovito pokrajino, kjer je vsak trenutek praznik okusa in tradicije.<\/p>\n<\/div>\n\t\t<\/div><\/div><div id=\"pgc-48-0-1\"  class=\"panel-grid-cell\" ><div id=\"panel-48-0-1-0\" class=\"so-panel widget widget_virtue_gallery_widget virtue_gallery_widget panel-first-child panel-last-child\" data-index=\"1\" ><div id=\"kad-wp-gallery796\" class=\"kad-wp-gallery gallery kt-gallery-column-3 init-isotope-intrinsic reinit-isotope kad-light-wp-gallery clearfix rowtight\" data-fade-in=\"1\" data-iso-selector=\".g_item\" data-iso-style=\"masonry\" data-iso-filter=\"false\"><div class=\"tcol-lg-4 tcol-md-4 tcol-sm-4 tcol-xs-6 tcol-ss-12 g_item\"><div class=\"grid_item kt_item_fade_in kad_gallery_fade_in gallery_item\"><a href=\"https:\/\/cokoladnica-olimje.si\/wp-content\/uploads\/sites\/6\/2014\/05\/Pe\u0161-do-\u010cokoladnice-Olimje.jpg\" data-rel=\"lightbox\" class=\"lightboxhover\"><div class=\"kt-intrinsic\" style=\"padding-bottom:100%;\"><div itemprop=\"image\" itemscope itemtype=\"https:\/\/schema.org\/ImageObject\"><img loading=\"lazy\" decoding=\"async\" width=\"366\" height=\"366\" src=\"https:\/\/cokoladnica-olimje.si\/wp-content\/uploads\/sites\/6\/2014\/05\/Pe\u0161-do-\u010cokoladnice-Olimje-366x366.jpg\" srcset=\"https:\/\/cokoladnica-olimje.si\/wp-content\/uploads\/sites\/6\/2014\/05\/Pe\u0161-do-\u010cokoladnice-Olimje-366x366.jpg 366w, https:\/\/cokoladnica-olimje.si\/wp-content\/uploads\/sites\/6\/2014\/05\/Pe\u0161-do-\u010cokoladnice-Olimje-150x150.jpg 150w, https:\/\/cokoladnica-olimje.si\/wp-content\/uploads\/sites\/6\/2014\/05\/Pe\u0161-do-\u010cokoladnice-Olimje-90x90.jpg 90w, https:\/\/cokoladnica-olimje.si\/wp-content\/uploads\/sites\/6\/2014\/05\/Pe\u0161-do-\u010cokoladnice-Olimje-300x300.jpg 300w, https:\/\/cokoladnica-olimje.si\/wp-content\/uploads\/sites\/6\/2014\/05\/Pe\u0161-do-\u010cokoladnice-Olimje-732x732.jpg 732w\" sizes=\"auto, (max-width: 366px) 100vw, 366px\" data-caption=\"Vas Olimje\" class=\"light-dropshaddow\" itemprop=\"contentUrl\" alt=\"\"><meta itemprop=\"url\" content=\"https:\/\/cokoladnica-olimje.si\/wp-content\/uploads\/sites\/6\/2014\/05\/Pe\u0161-do-\u010cokoladnice-Olimje-366x366.jpg\"><meta itemprop=\"width\" content=\"366px\"><meta itemprop=\"height\" content=\"366px\"><\/div><\/div><\/a><\/div><\/div><div class=\"tcol-lg-4 tcol-md-4 tcol-sm-4 tcol-xs-6 tcol-ss-12 g_item\"><div class=\"grid_item kt_item_fade_in kad_gallery_fade_in gallery_item\"><a href=\"https:\/\/cokoladnica-olimje.si\/wp-content\/uploads\/sites\/6\/2014\/05\/skupina_1.jpg\" data-rel=\"lightbox\" class=\"lightboxhover\"><div class=\"kt-intrinsic\" style=\"padding-bottom:75%;\"><div itemprop=\"image\" itemscope itemtype=\"https:\/\/schema.org\/ImageObject\"><img loading=\"lazy\" decoding=\"async\" width=\"480\" height=\"360\" src=\"https:\/\/cokoladnica-olimje.si\/wp-content\/uploads\/sites\/6\/2014\/05\/skupina_1.jpg\" srcset=\"https:\/\/cokoladnica-olimje.si\/wp-content\/uploads\/sites\/6\/2014\/05\/skupina_1.jpg 480w, https:\/\/cokoladnica-olimje.si\/wp-content\/uploads\/sites\/6\/2014\/05\/skupina_1-300x225.jpg 300w\" sizes=\"auto, (max-width: 480px) 100vw, 480px\" data-caption=\"Obis v \u010cokoladnem butiku\" class=\"light-dropshaddow\" itemprop=\"contentUrl\" alt=\"\"><meta itemprop=\"url\" content=\"https:\/\/cokoladnica-olimje.si\/wp-content\/uploads\/sites\/6\/2014\/05\/skupina_1.jpg\"><meta itemprop=\"width\" content=\"480px\"><meta itemprop=\"height\" content=\"360px\"><\/div><\/div><\/a><\/div><\/div><div class=\"tcol-lg-4 tcol-md-4 tcol-sm-4 tcol-xs-6 tcol-ss-12 g_item\"><div class=\"grid_item kt_item_fade_in kad_gallery_fade_in gallery_item\"><a href=\"https:\/\/cokoladnica-olimje.si\/wp-content\/uploads\/sites\/6\/2014\/05\/Ka\u017eipot-do-\u010cokoladnice-Olimja.jpg\" data-rel=\"lightbox\" class=\"lightboxhover\"><div class=\"kt-intrinsic\" style=\"padding-bottom:100%;\"><div itemprop=\"image\" itemscope itemtype=\"https:\/\/schema.org\/ImageObject\"><img loading=\"lazy\" decoding=\"async\" width=\"366\" height=\"366\" src=\"https:\/\/cokoladnica-olimje.si\/wp-content\/uploads\/sites\/6\/2014\/05\/Ka\u017eipot-do-\u010cokoladnice-Olimja-366x366.jpg\" srcset=\"https:\/\/cokoladnica-olimje.si\/wp-content\/uploads\/sites\/6\/2014\/05\/Ka\u017eipot-do-\u010cokoladnice-Olimja-366x366.jpg 366w, https:\/\/cokoladnica-olimje.si\/wp-content\/uploads\/sites\/6\/2014\/05\/Ka\u017eipot-do-\u010cokoladnice-Olimja-150x150.jpg 150w, https:\/\/cokoladnica-olimje.si\/wp-content\/uploads\/sites\/6\/2014\/05\/Ka\u017eipot-do-\u010cokoladnice-Olimja-90x90.jpg 90w, https:\/\/cokoladnica-olimje.si\/wp-content\/uploads\/sites\/6\/2014\/05\/Ka\u017eipot-do-\u010cokoladnice-Olimja-300x300.jpg 300w, https:\/\/cokoladnica-olimje.si\/wp-content\/uploads\/sites\/6\/2014\/05\/Ka\u017eipot-do-\u010cokoladnice-Olimja-732x732.jpg 732w\" sizes=\"auto, (max-width: 366px) 100vw, 366px\" data-caption=\"Ka\u017eipot do \u010cokoladnice Olimje\" class=\"light-dropshaddow\" itemprop=\"contentUrl\" alt=\"\"><meta itemprop=\"url\" content=\"https:\/\/cokoladnica-olimje.si\/wp-content\/uploads\/sites\/6\/2014\/05\/Ka\u017eipot-do-\u010cokoladnice-Olimja-366x366.jpg\"><meta itemprop=\"width\" content=\"366px\"><meta itemprop=\"height\" content=\"366px\"><\/div><\/div><\/a><\/div><\/div><div class=\"tcol-lg-4 tcol-md-4 tcol-sm-4 tcol-xs-6 tcol-ss-12 g_item\"><div class=\"grid_item kt_item_fade_in kad_gallery_fade_in gallery_item\"><a href=\"https:\/\/cokoladnica-olimje.si\/wp-content\/uploads\/sites\/6\/2014\/05\/Pot-od-samostana-do-\u010cokoladnice-Olimja.jpg\" data-rel=\"lightbox\" class=\"lightboxhover\"><div class=\"kt-intrinsic\" style=\"padding-bottom:100%;\"><div itemprop=\"image\" itemscope itemtype=\"https:\/\/schema.org\/ImageObject\"><img loading=\"lazy\" decoding=\"async\" width=\"366\" height=\"366\" src=\"https:\/\/cokoladnica-olimje.si\/wp-content\/uploads\/sites\/6\/2014\/05\/Pot-od-samostana-do-\u010cokoladnice-Olimja-366x366.jpg\" srcset=\"https:\/\/cokoladnica-olimje.si\/wp-content\/uploads\/sites\/6\/2014\/05\/Pot-od-samostana-do-\u010cokoladnice-Olimja-366x366.jpg 366w, https:\/\/cokoladnica-olimje.si\/wp-content\/uploads\/sites\/6\/2014\/05\/Pot-od-samostana-do-\u010cokoladnice-Olimja-150x150.jpg 150w, https:\/\/cokoladnica-olimje.si\/wp-content\/uploads\/sites\/6\/2014\/05\/Pot-od-samostana-do-\u010cokoladnice-Olimja-90x90.jpg 90w, https:\/\/cokoladnica-olimje.si\/wp-content\/uploads\/sites\/6\/2014\/05\/Pot-od-samostana-do-\u010cokoladnice-Olimja-300x300.jpg 300w, https:\/\/cokoladnica-olimje.si\/wp-content\/uploads\/sites\/6\/2014\/05\/Pot-od-samostana-do-\u010cokoladnice-Olimja-732x732.jpg 732w\" sizes=\"auto, (max-width: 366px) 100vw, 366px\" data-caption=\"Pot od samostana do \u010cokoladnice Olimja\" class=\"light-dropshaddow\" itemprop=\"contentUrl\" alt=\"\"><meta itemprop=\"url\" content=\"https:\/\/cokoladnica-olimje.si\/wp-content\/uploads\/sites\/6\/2014\/05\/Pot-od-samostana-do-\u010cokoladnice-Olimja-366x366.jpg\"><meta itemprop=\"width\" content=\"366px\"><meta itemprop=\"height\" content=\"366px\"><\/div><\/div><\/a><\/div><\/div><div class=\"tcol-lg-4 tcol-md-4 tcol-sm-4 tcol-xs-6 tcol-ss-12 g_item\"><div class=\"grid_item kt_item_fade_in kad_gallery_fade_in gallery_item\"><a href=\"https:\/\/cokoladnica-olimje.si\/wp-content\/uploads\/sites\/6\/2014\/05\/Razgled-od-\u010cokoladnice-Olimja.jpg\" data-rel=\"lightbox\" class=\"lightboxhover\"><div class=\"kt-intrinsic\" style=\"padding-bottom:100%;\"><div itemprop=\"image\" itemscope itemtype=\"https:\/\/schema.org\/ImageObject\"><img loading=\"lazy\" decoding=\"async\" width=\"366\" height=\"366\" src=\"https:\/\/cokoladnica-olimje.si\/wp-content\/uploads\/sites\/6\/2014\/05\/Razgled-od-\u010cokoladnice-Olimja-366x366.jpg\" srcset=\"https:\/\/cokoladnica-olimje.si\/wp-content\/uploads\/sites\/6\/2014\/05\/Razgled-od-\u010cokoladnice-Olimja-366x366.jpg 366w, https:\/\/cokoladnica-olimje.si\/wp-content\/uploads\/sites\/6\/2014\/05\/Razgled-od-\u010cokoladnice-Olimja-150x150.jpg 150w, https:\/\/cokoladnica-olimje.si\/wp-content\/uploads\/sites\/6\/2014\/05\/Razgled-od-\u010cokoladnice-Olimja-90x90.jpg 90w, https:\/\/cokoladnica-olimje.si\/wp-content\/uploads\/sites\/6\/2014\/05\/Razgled-od-\u010cokoladnice-Olimja-300x300.jpg 300w, https:\/\/cokoladnica-olimje.si\/wp-content\/uploads\/sites\/6\/2014\/05\/Razgled-od-\u010cokoladnice-Olimja-732x732.jpg 732w\" sizes=\"auto, (max-width: 366px) 100vw, 366px\" data-caption=\"Razgled na Olimje\" class=\"light-dropshaddow\" itemprop=\"contentUrl\" alt=\"\"><meta itemprop=\"url\" content=\"https:\/\/cokoladnica-olimje.si\/wp-content\/uploads\/sites\/6\/2014\/05\/Razgled-od-\u010cokoladnice-Olimja-366x366.jpg\"><meta itemprop=\"width\" content=\"366px\"><meta itemprop=\"height\" content=\"366px\"><\/div><\/div><\/a><\/div><\/div><div class=\"tcol-lg-4 tcol-md-4 tcol-sm-4 tcol-xs-6 tcol-ss-12 g_item\"><div class=\"grid_item kt_item_fade_in kad_gallery_fade_in gallery_item\"><a href=\"https:\/\/cokoladnica-olimje.si\/wp-content\/uploads\/sites\/6\/2014\/05\/Cokoladnica-Olimje.jpg\" data-rel=\"lightbox\" class=\"lightboxhover\"><div class=\"kt-intrinsic\" style=\"padding-bottom:100%;\"><div itemprop=\"image\" itemscope itemtype=\"https:\/\/schema.org\/ImageObject\"><img loading=\"lazy\" decoding=\"async\" width=\"366\" height=\"366\" src=\"https:\/\/cokoladnica-olimje.si\/wp-content\/uploads\/sites\/6\/2014\/05\/Cokoladnica-Olimje-366x366.jpg\" srcset=\"https:\/\/cokoladnica-olimje.si\/wp-content\/uploads\/sites\/6\/2014\/05\/Cokoladnica-Olimje-366x366.jpg 366w, https:\/\/cokoladnica-olimje.si\/wp-content\/uploads\/sites\/6\/2014\/05\/Cokoladnica-Olimje-150x150.jpg 150w, https:\/\/cokoladnica-olimje.si\/wp-content\/uploads\/sites\/6\/2014\/05\/Cokoladnica-Olimje-90x90.jpg 90w, https:\/\/cokoladnica-olimje.si\/wp-content\/uploads\/sites\/6\/2014\/05\/Cokoladnica-Olimje-300x300.jpg 300w\" sizes=\"auto, (max-width: 366px) 100vw, 366px\" data-caption=\"\u010cokoladnica Olimje\" class=\"light-dropshaddow\" itemprop=\"contentUrl\" alt=\"\"><meta itemprop=\"url\" content=\"https:\/\/cokoladnica-olimje.si\/wp-content\/uploads\/sites\/6\/2014\/05\/Cokoladnica-Olimje-366x366.jpg\"><meta itemprop=\"width\" content=\"366px\"><meta itemprop=\"height\" content=\"366px\"><\/div><\/div><\/a><\/div><\/div><div class=\"tcol-lg-4 tcol-md-4 tcol-sm-4 tcol-xs-6 tcol-ss-12 g_item\"><div class=\"grid_item kt_item_fade_in kad_gallery_fade_in gallery_item\"><a href=\"https:\/\/cokoladnica-olimje.si\/wp-content\/uploads\/sites\/6\/2014\/05\/Butik2.jpg\" data-rel=\"lightbox\" class=\"lightboxhover\"><div class=\"kt-intrinsic\" style=\"padding-bottom:100%;\"><div itemprop=\"image\" itemscope itemtype=\"https:\/\/schema.org\/ImageObject\"><img loading=\"lazy\" decoding=\"async\" width=\"366\" height=\"366\" src=\"https:\/\/cokoladnica-olimje.si\/wp-content\/uploads\/sites\/6\/2014\/05\/Butik2-366x366.jpg\" srcset=\"https:\/\/cokoladnica-olimje.si\/wp-content\/uploads\/sites\/6\/2014\/05\/Butik2-366x366.jpg 366w, https:\/\/cokoladnica-olimje.si\/wp-content\/uploads\/sites\/6\/2014\/05\/Butik2-150x150.jpg 150w, https:\/\/cokoladnica-olimje.si\/wp-content\/uploads\/sites\/6\/2014\/05\/Butik2-90x90.jpg 90w, https:\/\/cokoladnica-olimje.si\/wp-content\/uploads\/sites\/6\/2014\/05\/Butik2-300x300.jpg 300w\" sizes=\"auto, (max-width: 366px) 100vw, 366px\" data-caption=\"\u010cokoladnica Olimje\" class=\"light-dropshaddow\" itemprop=\"contentUrl\" alt=\"\"><meta itemprop=\"url\" content=\"https:\/\/cokoladnica-olimje.si\/wp-content\/uploads\/sites\/6\/2014\/05\/Butik2-366x366.jpg\"><meta itemprop=\"width\" content=\"366px\"><meta itemprop=\"height\" content=\"366px\"><\/div><\/div><\/a><\/div><\/div><\/div><\/div><\/div><\/div><div id=\"pg-48-1\"  class=\"panel-grid panel-no-style\" ><div id=\"pgc-48-1-0\"  class=\"panel-grid-cell\" ><div id=\"panel-48-1-0-0\" class=\"so-panel widget widget_virtue_gallery_widget virtue_gallery_widget panel-first-child panel-last-child\" data-index=\"2\" ><h3 class=\"widget-title\">Sprejem \u0161olarjev<\/h3><div id=\"kad-wp-gallery366\" class=\"kad-wp-gallery gallery kt-gallery-column-6 init-isotope-intrinsic reinit-isotope kad-light-wp-gallery clearfix rowtight\" data-fade-in=\"1\" data-iso-selector=\".g_item\" data-iso-style=\"masonry\" data-iso-filter=\"false\"><div class=\"tcol-lg-2 tcol-md-2 tcol-sm-3 tcol-xs-4 tcol-ss-6 g_item\"><div class=\"grid_item kt_item_fade_in kad_gallery_fade_in gallery_item\"><a href=\"https:\/\/cokoladnica-olimje.si\/wp-content\/uploads\/sites\/6\/2014\/05\/Predstavitev-1.jpg\" data-rel=\"lightbox\" class=\"lightboxhover\"><div class=\"kt-intrinsic\" style=\"padding-bottom:100%;\"><div itemprop=\"image\" itemscope itemtype=\"https:\/\/schema.org\/ImageObject\"><img loading=\"lazy\" decoding=\"async\" width=\"240\" height=\"240\" src=\"https:\/\/cokoladnica-olimje.si\/wp-content\/uploads\/sites\/6\/2014\/05\/Predstavitev-1-240x240.jpg\" srcset=\"https:\/\/cokoladnica-olimje.si\/wp-content\/uploads\/sites\/6\/2014\/05\/Predstavitev-1-240x240.jpg 240w, https:\/\/cokoladnica-olimje.si\/wp-content\/uploads\/sites\/6\/2014\/05\/Predstavitev-1-150x150.jpg 150w, https:\/\/cokoladnica-olimje.si\/wp-content\/uploads\/sites\/6\/2014\/05\/Predstavitev-1-90x90.jpg 90w, https:\/\/cokoladnica-olimje.si\/wp-content\/uploads\/sites\/6\/2014\/05\/Predstavitev-1-300x300.jpg 300w, https:\/\/cokoladnica-olimje.si\/wp-content\/uploads\/sites\/6\/2014\/05\/Predstavitev-1-480x480.jpg 480w\" sizes=\"auto, (max-width: 240px) 100vw, 240px\" data-caption=\"Degustacija \u010dokolade\" class=\"light-dropshaddow\" itemprop=\"contentUrl\" alt=\"\"><meta itemprop=\"url\" content=\"https:\/\/cokoladnica-olimje.si\/wp-content\/uploads\/sites\/6\/2014\/05\/Predstavitev-1-240x240.jpg\"><meta itemprop=\"width\" content=\"240px\"><meta itemprop=\"height\" content=\"240px\"><\/div><\/div><\/a><\/div><\/div><div class=\"tcol-lg-2 tcol-md-2 tcol-sm-3 tcol-xs-4 tcol-ss-6 g_item\"><div class=\"grid_item kt_item_fade_in kad_gallery_fade_in gallery_item\"><a href=\"https:\/\/cokoladnica-olimje.si\/wp-content\/uploads\/sites\/6\/2014\/05\/Predstavitev-2.jpg\" data-rel=\"lightbox\" class=\"lightboxhover\"><div class=\"kt-intrinsic\" style=\"padding-bottom:100%;\"><div itemprop=\"image\" itemscope itemtype=\"https:\/\/schema.org\/ImageObject\"><img loading=\"lazy\" decoding=\"async\" width=\"240\" height=\"240\" src=\"https:\/\/cokoladnica-olimje.si\/wp-content\/uploads\/sites\/6\/2014\/05\/Predstavitev-2-240x240.jpg\" srcset=\"https:\/\/cokoladnica-olimje.si\/wp-content\/uploads\/sites\/6\/2014\/05\/Predstavitev-2-240x240.jpg 240w, https:\/\/cokoladnica-olimje.si\/wp-content\/uploads\/sites\/6\/2014\/05\/Predstavitev-2-150x150.jpg 150w, https:\/\/cokoladnica-olimje.si\/wp-content\/uploads\/sites\/6\/2014\/05\/Predstavitev-2-90x90.jpg 90w, https:\/\/cokoladnica-olimje.si\/wp-content\/uploads\/sites\/6\/2014\/05\/Predstavitev-2-300x300.jpg 300w, https:\/\/cokoladnica-olimje.si\/wp-content\/uploads\/sites\/6\/2014\/05\/Predstavitev-2-560x560.jpg 560w, https:\/\/cokoladnica-olimje.si\/wp-content\/uploads\/sites\/6\/2014\/05\/Predstavitev-2-480x480.jpg 480w\" sizes=\"auto, (max-width: 240px) 100vw, 240px\" data-caption=\"Prikaz kakavovega semena\" class=\"light-dropshaddow\" itemprop=\"contentUrl\" alt=\"\"><meta itemprop=\"url\" content=\"https:\/\/cokoladnica-olimje.si\/wp-content\/uploads\/sites\/6\/2014\/05\/Predstavitev-2-240x240.jpg\"><meta itemprop=\"width\" content=\"240px\"><meta itemprop=\"height\" content=\"240px\"><\/div><\/div><\/a><\/div><\/div><div class=\"tcol-lg-2 tcol-md-2 tcol-sm-3 tcol-xs-4 tcol-ss-6 g_item\"><div class=\"grid_item kt_item_fade_in kad_gallery_fade_in gallery_item\"><a href=\"https:\/\/cokoladnica-olimje.si\/wp-content\/uploads\/sites\/6\/2014\/05\/Predstavitev-3.jpg\" data-rel=\"lightbox\" class=\"lightboxhover\"><div class=\"kt-intrinsic\" style=\"padding-bottom:100%;\"><div itemprop=\"image\" itemscope itemtype=\"https:\/\/schema.org\/ImageObject\"><img loading=\"lazy\" decoding=\"async\" width=\"240\" height=\"240\" src=\"https:\/\/cokoladnica-olimje.si\/wp-content\/uploads\/sites\/6\/2014\/05\/Predstavitev-3-240x240.jpg\" srcset=\"https:\/\/cokoladnica-olimje.si\/wp-content\/uploads\/sites\/6\/2014\/05\/Predstavitev-3-240x240.jpg 240w, https:\/\/cokoladnica-olimje.si\/wp-content\/uploads\/sites\/6\/2014\/05\/Predstavitev-3-150x150.jpg 150w, https:\/\/cokoladnica-olimje.si\/wp-content\/uploads\/sites\/6\/2014\/05\/Predstavitev-3-90x90.jpg 90w, https:\/\/cokoladnica-olimje.si\/wp-content\/uploads\/sites\/6\/2014\/05\/Predstavitev-3-300x300.jpg 300w, https:\/\/cokoladnica-olimje.si\/wp-content\/uploads\/sites\/6\/2014\/05\/Predstavitev-3-480x480.jpg 480w\" sizes=\"auto, (max-width: 240px) 100vw, 240px\" data-caption=\"Prikaz sade\u017ea kakavovca\" class=\"light-dropshaddow\" itemprop=\"contentUrl\" alt=\"\"><meta itemprop=\"url\" content=\"https:\/\/cokoladnica-olimje.si\/wp-content\/uploads\/sites\/6\/2014\/05\/Predstavitev-3-240x240.jpg\"><meta itemprop=\"width\" content=\"240px\"><meta itemprop=\"height\" content=\"240px\"><\/div><\/div><\/a><\/div><\/div><div class=\"tcol-lg-2 tcol-md-2 tcol-sm-3 tcol-xs-4 tcol-ss-6 g_item\"><div class=\"grid_item kt_item_fade_in kad_gallery_fade_in gallery_item\"><a href=\"https:\/\/cokoladnica-olimje.si\/wp-content\/uploads\/sites\/6\/2014\/05\/Predstavitev-4.jpg\" data-rel=\"lightbox\" class=\"lightboxhover\"><div class=\"kt-intrinsic\" style=\"padding-bottom:100%;\"><div itemprop=\"image\" itemscope itemtype=\"https:\/\/schema.org\/ImageObject\"><img loading=\"lazy\" decoding=\"async\" width=\"240\" height=\"240\" src=\"https:\/\/cokoladnica-olimje.si\/wp-content\/uploads\/sites\/6\/2014\/05\/Predstavitev-4-240x240.jpg\" srcset=\"https:\/\/cokoladnica-olimje.si\/wp-content\/uploads\/sites\/6\/2014\/05\/Predstavitev-4-240x240.jpg 240w, https:\/\/cokoladnica-olimje.si\/wp-content\/uploads\/sites\/6\/2014\/05\/Predstavitev-4-150x150.jpg 150w, https:\/\/cokoladnica-olimje.si\/wp-content\/uploads\/sites\/6\/2014\/05\/Predstavitev-4-90x90.jpg 90w, https:\/\/cokoladnica-olimje.si\/wp-content\/uploads\/sites\/6\/2014\/05\/Predstavitev-4-300x300.jpg 300w, https:\/\/cokoladnica-olimje.si\/wp-content\/uploads\/sites\/6\/2014\/05\/Predstavitev-4-480x480.jpg 480w\" sizes=\"auto, (max-width: 240px) 100vw, 240px\" data-caption=\"Slika kakavovca\" class=\"light-dropshaddow\" itemprop=\"contentUrl\" alt=\"\"><meta itemprop=\"url\" content=\"https:\/\/cokoladnica-olimje.si\/wp-content\/uploads\/sites\/6\/2014\/05\/Predstavitev-4-240x240.jpg\"><meta itemprop=\"width\" content=\"240px\"><meta itemprop=\"height\" content=\"240px\"><\/div><\/div><\/a><\/div><\/div><div class=\"tcol-lg-2 tcol-md-2 tcol-sm-3 tcol-xs-4 tcol-ss-6 g_item\"><div class=\"grid_item kt_item_fade_in kad_gallery_fade_in gallery_item\"><a href=\"https:\/\/cokoladnica-olimje.si\/wp-content\/uploads\/sites\/6\/2014\/05\/Predstavitev-5.jpg\" data-rel=\"lightbox\" class=\"lightboxhover\"><div class=\"kt-intrinsic\" style=\"padding-bottom:100%;\"><div itemprop=\"image\" itemscope itemtype=\"https:\/\/schema.org\/ImageObject\"><img loading=\"lazy\" decoding=\"async\" width=\"240\" height=\"240\" src=\"https:\/\/cokoladnica-olimje.si\/wp-content\/uploads\/sites\/6\/2014\/05\/Predstavitev-5-240x240.jpg\" srcset=\"https:\/\/cokoladnica-olimje.si\/wp-content\/uploads\/sites\/6\/2014\/05\/Predstavitev-5-240x240.jpg 240w, https:\/\/cokoladnica-olimje.si\/wp-content\/uploads\/sites\/6\/2014\/05\/Predstavitev-5-150x150.jpg 150w, https:\/\/cokoladnica-olimje.si\/wp-content\/uploads\/sites\/6\/2014\/05\/Predstavitev-5-90x90.jpg 90w, https:\/\/cokoladnica-olimje.si\/wp-content\/uploads\/sites\/6\/2014\/05\/Predstavitev-5-300x300.jpg 300w, https:\/\/cokoladnica-olimje.si\/wp-content\/uploads\/sites\/6\/2014\/05\/Predstavitev-5-480x480.jpg 480w\" sizes=\"auto, (max-width: 240px) 100vw, 240px\" data-caption=\"Model za vlivanje \u010dokolade \" class=\"light-dropshaddow\" itemprop=\"contentUrl\" alt=\"\"><meta itemprop=\"url\" content=\"https:\/\/cokoladnica-olimje.si\/wp-content\/uploads\/sites\/6\/2014\/05\/Predstavitev-5-240x240.jpg\"><meta itemprop=\"width\" content=\"240px\"><meta itemprop=\"height\" content=\"240px\"><\/div><\/div><\/a><\/div><\/div><div class=\"tcol-lg-2 tcol-md-2 tcol-sm-3 tcol-xs-4 tcol-ss-6 g_item\"><div class=\"grid_item kt_item_fade_in kad_gallery_fade_in gallery_item\"><a href=\"https:\/\/cokoladnica-olimje.si\/wp-content\/uploads\/sites\/6\/2014\/05\/Predstavitev-6.jpg\" data-rel=\"lightbox\" class=\"lightboxhover\"><div class=\"kt-intrinsic\" style=\"padding-bottom:100%;\"><div itemprop=\"image\" itemscope itemtype=\"https:\/\/schema.org\/ImageObject\"><img loading=\"lazy\" decoding=\"async\" width=\"240\" height=\"240\" src=\"https:\/\/cokoladnica-olimje.si\/wp-content\/uploads\/sites\/6\/2014\/05\/Predstavitev-6-240x240.jpg\" srcset=\"https:\/\/cokoladnica-olimje.si\/wp-content\/uploads\/sites\/6\/2014\/05\/Predstavitev-6-240x240.jpg 240w, https:\/\/cokoladnica-olimje.si\/wp-content\/uploads\/sites\/6\/2014\/05\/Predstavitev-6-150x150.jpg 150w, https:\/\/cokoladnica-olimje.si\/wp-content\/uploads\/sites\/6\/2014\/05\/Predstavitev-6-90x90.jpg 90w, https:\/\/cokoladnica-olimje.si\/wp-content\/uploads\/sites\/6\/2014\/05\/Predstavitev-6-300x300.jpg 300w, https:\/\/cokoladnica-olimje.si\/wp-content\/uploads\/sites\/6\/2014\/05\/Predstavitev-6-480x480.jpg 480w\" sizes=\"auto, (max-width: 240px) 100vw, 240px\" data-caption=\"Degustacija \u010dokolade\" class=\"light-dropshaddow\" itemprop=\"contentUrl\" alt=\"\"><meta itemprop=\"url\" content=\"https:\/\/cokoladnica-olimje.si\/wp-content\/uploads\/sites\/6\/2014\/05\/Predstavitev-6-240x240.jpg\"><meta itemprop=\"width\" content=\"240px\"><meta itemprop=\"height\" content=\"240px\"><\/div><\/div><\/a><\/div><\/div><\/div><\/div><\/div><\/div><\/div>","protected":false},"excerpt":{"rendered":"<p>Vas Olimje je dobila Zlato medaljo za najbolj urejeno vas Evrope 2009. Izredno priljubljena izletni\u0161ka to\u010dka je \u010cokoladnica Olimje. Nahaja se nasproti Minoritski samostan Olimje. Hoja po idili\u010dni potki traja 2 minuti. Pred \u010cokoladnico Olimje imamo tudi dve ogromni parkiri\u0161\u010di. &hellip; <a class=\"kt-excerpt-readmore\" href=\"https:\/\/cokoladnica-olimje.si\/?page_id=48\" aria-label=\"Izlet v Olimje\">Dodatno branje<\/a><\/p>\n","protected":false},"author":1,"featured_media":0,"parent":0,"menu_order":0,"comment_status":"closed","ping_status":"closed","template":"page-fullwidth.php","meta":{"om_disable_all_campaigns":false,"kt_blocks_editor_width":"","_monsterinsights_skip_tracking":false,"_monsterinsights_sitenote_active":false,"_monsterinsights_sitenote_note":"","_monsterinsights_sitenote_category":0,"_uf_show_specific_survey":0,"_uf_disable_surveys":false,"footnotes":""},"class_list":["post-48","page","type-page","status-publish","hentry"],"aioseo_notices":[],"_links":{"self":[{"href":"https:\/\/cokoladnica-olimje.si\/index.php?rest_route=\/wp\/v2\/pages\/48","targetHints":{"allow":["GET"]}}],"collection":[{"href":"https:\/\/cokoladnica-olimje.si\/index.php?rest_route=\/wp\/v2\/pages"}],"about":[{"href":"https:\/\/cokoladnica-olimje.si\/index.php?rest_route=\/wp\/v2\/types\/page"}],"author":[{"embeddable":true,"href":"https:\/\/cokoladnica-olimje.si\/index.php?rest_route=\/wp\/v2\/users\/1"}],"replies":[{"embeddable":true,"href":"https:\/\/cokoladnica-olimje.si\/index.php?rest_route=%2Fwp%2Fv2%2Fcomments&post=48"}],"version-history":[{"count":2,"href":"https:\/\/cokoladnica-olimje.si\/index.php?rest_route=\/wp\/v2\/pages\/48\/revisions"}],"predecessor-version":[{"id":803,"href":"https:\/\/cokoladnica-olimje.si\/index.php?rest_route=\/wp\/v2\/pages\/48\/revisions\/803"}],"wp:attachment":[{"href":"https:\/\/cokoladnica-olimje.si\/index.php?rest_route=%2Fwp%2Fv2%2Fmedia&parent=48"}],"curies":[{"name":"wp","href":"https:\/\/api.w.org\/{rel}","templated":true}]}}