{"id":510,"date":"2014-05-14T15:28:35","date_gmt":"2014-05-14T15:28:35","guid":{"rendered":"http:\/\/www.cokoladnica-olimje.si\/?page_id=510"},"modified":"2015-06-17T09:00:38","modified_gmt":"2015-06-17T07:00:38","slug":"novice","status":"publish","type":"page","link":"https:\/\/cokoladnica-olimje.si\/?page_id=510","title":{"rendered":"Novice"},"content":{"rendered":"<div id=\"pl-510\"  class=\"panel-layout\" ><div id=\"pg-510-0\"  class=\"panel-grid panel-no-style\" ><div id=\"pgc-510-0-0\"  class=\"panel-grid-cell panel-grid-cell-mobile-last\" ><div id=\"panel-510-0-0-0\" class=\"so-panel widget widget_text panel-first-child panel-last-child\" data-index=\"0\" ><h3 class=\"widget-title\"> U\u017eivanje \u010dokolade do 100 gramov dnevno zmanj\u0161a tveganje za sr\u010dni napad in bolezni<\/h3>\t\t\t<div class=\"textwidget\"><p>\u010clanek Univerze v Aberdeen, Anglija:<br \/>\n<a href=\"http:\/\/www.abdn.ac.uk\/news\/7836\/\" target=\"_blank\">http:\/\/www.abdn.ac.uk\/news\/7836\/<\/a><\/p>\n<p>Izvle\u010dek \u010dlanka na portalu zurnal24:<br \/>\n<a href=\"http:\/\/www.zurnal24.si\/mlecna-cokolada-kardiovaskularne-bolezni-clanek-251909\" target=\"_blank\">http:\/\/www.zurnal24.si\/mlecna-cokolada-kardiovaskularne-bolezni-clanek-251909<\/a><br \/>\nDve tablici \u010dokolade na dan naj bi pozitivno vplivale na zdravje in zmanj\u0161evale tveganje za sr\u010dno\u017eilna obolenja.<br \/>\nTako je pokazala raziskava, ki so jo opravili na Univerzi Aberdeen v ZDA. Prou\u010devali so prehrambene navade 21 tiso\u010d ljudi v \u010dasovnem razdobju 12 let in ugotovili, da u\u017eivanje \u010dokolade celo do 100 gramov na dan zmanj\u0161a tveganje za sr\u010dni napad celo za 23 odstotkov.<\/p>\n<p>Ugotovili so, da so tisti, ki so \u010dokolado u\u017eivali redno, imeli manj\u0161e razmerje med pasom in boki, ni\u017eji sistoli\u010dni krvni tlak, manj C-reaktivnih proteinov ter manj diabetesa - torej znakov, ki pove\u010dujejo tveganje za sr\u010dno-\u017eilna obolenja.<\/p>\n<p>Mle\u010dna naj ne bi bila ni\u010d slab\u0161a<\/p>\n<p>V \u0161tudiji so ugotovili tudi, da ima mle\u010dna \u010dokolada, ki pogosto velja za manj zdravo od temne, podobne zdravilne u\u010dinke in so jo udele\u017eenci \u0161tudije u\u017eivali pogosteje.<\/p>\n<p>Eden od avtorjev \u0161tudije, profesor Phyo Myint, je povedal: \"Zbrani podatki ka\u017eejo, da je u\u017eivanje \u010dokolade povezano z manj\u0161im tveganjem za kardiovaskularne te\u017eave. To morda pomeni, da ne le flavonoidi, ampak tudi druge sestavine, kot je kalcij in ma\u0161\u010dobne kisline, pozitivno vplivajo na zdravje. Nasprotno se zdi, da ni dokazov, da bi zmerno u\u017eivanje \u010dokolade negativno vplivalo na bolezni srca in o\u017eilja.\"<\/p>\n<p>Zmernost ne bo odve\u010d<\/p>\n<p>Kakorkoli, zmernost tudi pri \u010dokoladi in sladkorju ter posvetovanje z zdravnikom ne glede na \u0161tudijo ne bo odve\u010d.<\/p>\n<\/div>\n\t\t<\/div><\/div><div id=\"pgc-510-0-1\"  class=\"panel-grid-cell panel-grid-cell-empty\" ><\/div><\/div><div id=\"pg-510-1\"  class=\"panel-grid panel-no-style\" ><div id=\"pgc-510-1-0\"  class=\"panel-grid-cell\" ><div id=\"panel-510-1-0-0\" class=\"so-panel widget widget_text panel-first-child panel-last-child\" data-index=\"1\" ><h3 class=\"widget-title\">Sladka Istra 2014<\/h3>\t\t\t<div class=\"textwidget\">Dne 20. in 21. 2014 prisostvovali skupaj na isti stojnici s TIC Pod\u010detrtek.<\/div>\n\t\t<\/div><\/div><div id=\"pgc-510-1-1\"  class=\"panel-grid-cell\" ><div id=\"panel-510-1-1-0\" class=\"so-panel widget widget_virtue_about_with_image virtue_about_with_image panel-first-child panel-last-child\" data-index=\"2\" ><div class=\"kad_img_upload_widget kt-shape-type- kt-image-align-center kt-image-widget-widget-1-1-0\"><a href=\"http:\/\/cokoladnica-olimje.si\/wp-content\/uploads\/sites\/6\/2014\/05\/Sladka-istra-\u010dokoladnica.jpg\" rel=\"lightbox\"><div class=\"kt-image-contain  \"><div class=\"kt-image-inner-contain\"><img decoding=\"async\" src=\"http:\/\/cokoladnica-olimje.si\/wp-content\/uploads\/sites\/6\/2014\/05\/Sladka-istra-\u010dokoladnica.jpg\" alt=\"\"><\/div><\/div><\/a><\/div><\/div><\/div><\/div><div id=\"pg-510-2\"  class=\"panel-grid panel-no-style\" ><div id=\"pgc-510-2-0\"  class=\"panel-grid-cell\" ><div id=\"panel-510-2-0-0\" class=\"so-panel widget widget_text panel-first-child panel-last-child\" data-index=\"3\" ><h3 class=\"widget-title\">AGRA 52. sejev v Gornji Radgoni<\/h3>\t\t\t<div class=\"textwidget\">Dne 28.8.2014 smo prisostvovali na 52. sejmu AGRA v Gornji Radgoni v okviru Programa razvoja pode\u017eelja pri Ministrstvu za kmetijstvo. Predstavili smo se z na\u0161im programom \u010dokoladnih izdelkov.<\/div>\n\t\t<\/div><\/div><div id=\"pgc-510-2-1\"  class=\"panel-grid-cell\" ><div id=\"panel-510-2-1-0\" class=\"so-panel widget widget_text panel-first-child\" data-index=\"4\" >\t\t\t<div class=\"textwidget\"><\/div>\n\t\t<\/div><div id=\"panel-510-2-1-1\" class=\"so-panel widget widget_virtue_about_with_image virtue_about_with_image panel-last-child\" data-index=\"5\" ><div class=\"kad_img_upload_widget kt-shape-type- kt-image-align-center kt-image-widget-widget-2-1-1\"><a href=\"http:\/\/cokoladnica-olimje.si\/wp-content\/uploads\/sites\/6\/2014\/05\/AGRA-52.-sejem.jpg\" rel=\"lightbox\"><div class=\"kt-image-contain  \"><div class=\"kt-image-inner-contain\"><img decoding=\"async\" src=\"http:\/\/cokoladnica-olimje.si\/wp-content\/uploads\/sites\/6\/2014\/05\/AGRA-52.-sejem.jpg\" alt=\"\"><\/div><\/div><\/a><\/div><\/div><\/div><\/div><div id=\"pg-510-3\"  class=\"panel-grid panel-no-style\" ><div id=\"pgc-510-3-0\"  class=\"panel-grid-cell\" ><div id=\"panel-510-3-0-0\" class=\"so-panel widget widget_text panel-first-child panel-last-child\" data-index=\"6\" >\t\t\t<div class=\"textwidget\"><h4>Noro odkritje o kakavu!<\/h4>\n<p><a href=\"http:\/\/vizita.si\/clanek\/zdravozivljenje\/noro-odkritje-o-kakavu.html\" target=\"_blank\">http:\/\/vizita.si\/clanek\/zdravozivljenje\/noro-odkritje-o-kakavu.html<\/a><\/p>\n<p>\u010clanek v  Journal of Alzheimer's Disease :<br \/>\n<a href=\"http:\/\/www.j-alz.com\/node\/359\" target=\"_blank\">http:\/\/www.j-alz.com\/node\/359<\/a><\/p>\n<p>Redno u\u017eivanje sladkega \u010dokoladnega napitka, s katerim se sicer najpogosteje 'pocrkljamo' v zimskih dneh, je \u0161e kako koristno za zdravje, je pokazala nova raziskava. Kakav naj bi namre\u010d uspe\u0161no prepre\u010deval razvoj demence.<\/p>\n<p>Zve\u010der si privo\u0161\u010dite skodelico kakava in prepre\u010dite, zmanj\u0161ajte tveganje za razvoj ali napredovanje Alzheimerjeve bolezni, svetujejo strokovnjaki.<br \/>\nRaziskave, katerih rezultati so bili objavljeni v reviji Journal of Alzheimer's Disease, so pokazale, da kakav, ki predstavlja bogat vir antioksidantov polifenolov, uspe\u0161no prepre\u010duje kopi\u010denje beljakovin v mo\u017eganih, ki po\u0161kodujejo \u017eiv\u010dne celice ter povzro\u010dajo napredovanje Alzheimerjeve bolezni.<br \/>\nStrokovnjaki iz bolni\u0161nice Mount Sinai Hospital iz New Yorka so analizirali ve\u010d vrst kakava, kot najbolj blagodejna pa se je izkazala sorta lavado. Ta naj bi vsebovala najve\u010d polifenolov in protivnetnih sestavin in je najbolj u\u010dinkovita v boju proti kopi\u010denju \u0161kodljivih beljakovin v mo\u017eganih. \u0160e ve\u010d, delovanje \u017eiv\u010dnih celic naj bi se z u\u017eivanjem omenjenega kakava celo izbolj\u0161evalo.<\/p>\n<p>V sklopu \u0161tudije so strokovnjaki opazovali sinapse, stike med posameznimi \u017eiv\u010dnimi celicami. Ker okvare sinaps igrajo pomembnej\u0161o vlogo pri izgubi spomina kot oslabljenost \u017eiv\u010dnih celic, verjamejo, da bi re\u0161evanje delovanja sinaps lahko pripomoglo k prepre\u010devanju Alzheimerjeve bolezni in razvoju novih zdravil na tem podro\u010dju, pojasnjuje profesor Giulio Maria Pasinetti.<br \/>\nPri zdravih ljudeh \u017eiv\u010dne celice po\u0161iljajo elektri\u010dne impulze, ki spro\u0161\u010dajo nevrotransmiterje ter prena\u0161ajo posamezna sporo\u010dila. Pri osebah z degenerativnimi boleznimi, kot je na primer Alzheimerjeva bolezen, pa skupina \u0161kodljivih beljakovin , ki se za\u010dnejo kopi\u010diti ob sinapsah, prepre\u010duje normalno po\u0161iljanje \u017eiv\u010dnih signalov. To povzro\u010di motnje spomina in poslab\u0161ano delovanje mo\u017eganov in posledi\u010dno telesnih funkcij. Dr. Pasinetti pri tem dodaja, da bi kakav lavado lahko pomagal prepre\u010devati kopi\u010denje teh beljakovin ter tako pomembno pripomogel k prepre\u010devanju te pogoste bolezni. \"Verjamemo, da so rezultati na\u0161e \u0161tudije izjemnega pomena za prepre\u010devanje razvoja in napredovanja Alzheimerjeve bolezni in demence,\" je povedal in dodal, da zato svetuje redno u\u017eivanje omenjenega kakava. <\/p>\n<\/div>\n\t\t<\/div><\/div><div id=\"pgc-510-3-1\"  class=\"panel-grid-cell\" ><div id=\"panel-510-3-1-0\" class=\"so-panel widget widget_virtue_about_with_image virtue_about_with_image panel-first-child panel-last-child\" data-index=\"7\" ><div class=\"kad_img_upload_widget kt-shape-type- kt-image-align-center kt-image-widget-widget-3-1-0\"><a href=\"http:\/\/cokoladnica-olimje.si\/wp-content\/uploads\/sites\/6\/2014\/05\/Cokoladnica-Olimje-lavada.jpg\" rel=\"lightbox\"><div class=\"kt-image-contain  \"><div class=\"kt-image-inner-contain\"><img decoding=\"async\" src=\"http:\/\/cokoladnica-olimje.si\/wp-content\/uploads\/sites\/6\/2014\/05\/Cokoladnica-Olimje-lavada.jpg\" alt=\"\"><\/div><\/div><\/a><div class=\"virtue_image_widget_caption kadence_image_widget_caption\">Lavada : Kakavova zrna najprej operemo z vodo, jih su\u0161imo za nekaj dni na soncu, dokler ne dobimo samo 7 ali 8% vlage v kakavovih zrnih.<\/div><\/div><\/div><\/div><\/div><\/div>","protected":false},"excerpt":{"rendered":"<p>U\u017eivanje \u010dokolade do 100 gramov dnevno zmanj\u0161a tveganje za sr\u010dni napad in bolezni \u010clanek Univerze v Aberdeen, Anglija: http:\/\/www.abdn.ac.uk\/news\/7836\/ Izvle\u010dek \u010dlanka na portalu zurnal24: http:\/\/www.zurnal24.si\/mlecna-cokolada-kardiovaskularne-bolezni-clanek-251909 Dve tablici \u010dokolade na dan naj bi pozitivno vplivale na zdravje in zmanj\u0161evale tveganje za &hellip; <a class=\"kt-excerpt-readmore\" href=\"https:\/\/cokoladnica-olimje.si\/?page_id=510\" aria-label=\"Novice\">Dodatno branje<\/a><\/p>\n","protected":false},"author":1,"featured_media":0,"parent":0,"menu_order":0,"comment_status":"open","ping_status":"open","template":"page-fullwidth.php","meta":{"om_disable_all_campaigns":false,"kt_blocks_editor_width":"","_monsterinsights_skip_tracking":false,"_monsterinsights_sitenote_active":false,"_monsterinsights_sitenote_note":"","_monsterinsights_sitenote_category":0,"_uf_show_specific_survey":0,"_uf_disable_surveys":false,"footnotes":""},"class_list":["post-510","page","type-page","status-publish","hentry"],"aioseo_notices":[],"_links":{"self":[{"href":"https:\/\/cokoladnica-olimje.si\/index.php?rest_route=\/wp\/v2\/pages\/510","targetHints":{"allow":["GET"]}}],"collection":[{"href":"https:\/\/cokoladnica-olimje.si\/index.php?rest_route=\/wp\/v2\/pages"}],"about":[{"href":"https:\/\/cokoladnica-olimje.si\/index.php?rest_route=\/wp\/v2\/types\/page"}],"author":[{"embeddable":true,"href":"https:\/\/cokoladnica-olimje.si\/index.php?rest_route=\/wp\/v2\/users\/1"}],"replies":[{"embeddable":true,"href":"https:\/\/cokoladnica-olimje.si\/index.php?rest_route=%2Fwp%2Fv2%2Fcomments&post=510"}],"version-history":[{"count":3,"href":"https:\/\/cokoladnica-olimje.si\/index.php?rest_route=\/wp\/v2\/pages\/510\/revisions"}],"predecessor-version":[{"id":971,"href":"https:\/\/cokoladnica-olimje.si\/index.php?rest_route=\/wp\/v2\/pages\/510\/revisions\/971"}],"wp:attachment":[{"href":"https:\/\/cokoladnica-olimje.si\/index.php?rest_route=%2Fwp%2Fv2%2Fmedia&parent=510"}],"curies":[{"name":"wp","href":"https:\/\/api.w.org\/{rel}","templated":true}]}}