{"id":52,"date":"2014-05-13T14:12:26","date_gmt":"2014-05-13T14:12:26","guid":{"rendered":"http:\/\/www.cokoladnica-olimje.si\/?page_id=52"},"modified":"2015-06-17T11:22:33","modified_gmt":"2015-06-17T09:22:33","slug":"nasi-butik","status":"publish","type":"page","link":"https:\/\/cokoladnica-olimje.si\/?page_id=52","title":{"rendered":"Na\u0161i Butiki"},"content":{"rendered":"<p>\u010cokoladnica Olimje ima razvejeno mre\u017eo lastnih \u010dokoladnih butikov. V \u010dokoladnem butiku so na voljo samo na\u0161i izdelki blagovne znamke Sladkosti iz Olimja in Giuseppe Tartini. \u010cokoladni butiki se nahajajo na Primorskem v Piranu, na Dolenjskem v Novem mestu in na \u0160tajerskem v Celju, Olimju in Mariboru.<br \/>\nLokacije in povezave na\u0161ih \u010dokoladnih butikov:<\/p>\n<ul>\n<li>\n<address>\u00a0<a title=\"\u010cokoladnica Maribor\" href=\"http:\/\/cokoladnica-olimje.si\/cokoladnica-maribor\/\">\u010cokoladnica  Maribor<\/a>,\u00a0\u00a0\u00a0\u00a0\u00a0\u00a0\u00a0 Glavni trg 24, 2000 Maribor<\/address>\n<\/li>\n<li>\n<address><a title=\"\u010cokoladnica  Piran\" href=\"http:\/\/cokoladnica-olimje.si\/cokoladnica-piran\/\">\u010cokoladnica  Piran<\/a>,\u00a0\u00a0\u00a0\u00a0\u00a0\u00a0\u00a0\u00a0\u00a0\u00a0\u00a0\u00a0 Tartinijev trg 5, 6330 Piran<\/address>\n<\/li>\n<li>\n<address><a title=\"\u010cokoladnica  Novo mesto\" href=\"http:\/\/cokoladnica-olimje.si\/cokoladnica-novo-mesto\/\">\u010cokoladnica  Novo mesto<\/a>,\u00a0 Rozmaniva ulica 5, 8000 Novo mesto<\/address>\n<\/li>\n<li>\n<address><a title=\"\u010cokoladnica  Celje\" href=\"http:\/\/cokoladnica-olimje.si\/cokoladnica_celje\/\">\u010cokoladnica  Celje<\/a>,\u00a0\u00a0\u00a0\u00a0\u00a0\u00a0\u00a0\u00a0\u00a0\u00a0 \u00a0 Vodnikova ulica 11, 3000 Celje<\/address>\n<\/li>\n<li>\n<address><a title=\"\u010cokoladnica Olimje\" href=\"http:\/\/cokoladnica-olimje.si\/o_cokoladnici_olimje\/\">\u010cokoladnica  Olimje<\/a>,\u00a0\u00a0\u00a0\u00a0\u00a0\u00a0\u00a0\u00a0\u00a0 Olimje 61, 3254 Pod\u010detrtek<\/address>\n<\/li>\n<\/ul>\n<\/blockquote>\n<address>\u00a0<\/address>\n<p>Lokacije na zemljevidu Google:<\/p>\n<p>&nbsp;<\/p>\n<p style=\"text-align: center;\">[ready_google_map id=&#8217;1&#8242;]\n","protected":false},"excerpt":{"rendered":"<p>\u010cokoladnica Olimje ima razvejeno mre\u017eo lastnih \u010dokoladnih butikov. V \u010dokoladnem butiku so na voljo samo na\u0161i izdelki blagovne znamke Sladkosti iz Olimja in Giuseppe Tartini. \u010cokoladni butiki se nahajajo na Primorskem v Piranu, na Dolenjskem v Novem mestu in na &hellip; <a class=\"kt-excerpt-readmore\" href=\"https:\/\/cokoladnica-olimje.si\/?page_id=52\" aria-label=\"Na\u0161i Butiki\">Dodatno branje<\/a><\/p>\n","protected":false},"author":1,"featured_media":0,"parent":0,"menu_order":0,"comment_status":"closed","ping_status":"closed","template":"page-fullwidth.php","meta":{"om_disable_all_campaigns":false,"kt_blocks_editor_width":"","_monsterinsights_skip_tracking":false,"_monsterinsights_sitenote_active":false,"_monsterinsights_sitenote_note":"","_monsterinsights_sitenote_category":0,"_uf_show_specific_survey":0,"_uf_disable_surveys":false,"footnotes":""},"class_list":["post-52","page","type-page","status-publish","hentry"],"aioseo_notices":[],"_links":{"self":[{"href":"https:\/\/cokoladnica-olimje.si\/index.php?rest_route=\/wp\/v2\/pages\/52","targetHints":{"allow":["GET"]}}],"collection":[{"href":"https:\/\/cokoladnica-olimje.si\/index.php?rest_route=\/wp\/v2\/pages"}],"about":[{"href":"https:\/\/cokoladnica-olimje.si\/index.php?rest_route=\/wp\/v2\/types\/page"}],"author":[{"embeddable":true,"href":"https:\/\/cokoladnica-olimje.si\/index.php?rest_route=\/wp\/v2\/users\/1"}],"replies":[{"embeddable":true,"href":"https:\/\/cokoladnica-olimje.si\/index.php?rest_route=%2Fwp%2Fv2%2Fcomments&post=52"}],"version-history":[{"count":25,"href":"https:\/\/cokoladnica-olimje.si\/index.php?rest_route=\/wp\/v2\/pages\/52\/revisions"}],"predecessor-version":[{"id":2786,"href":"https:\/\/cokoladnica-olimje.si\/index.php?rest_route=\/wp\/v2\/pages\/52\/revisions\/2786"}],"wp:attachment":[{"href":"https:\/\/cokoladnica-olimje.si\/index.php?rest_route=%2Fwp%2Fv2%2Fmedia&parent=52"}],"curies":[{"name":"wp","href":"https:\/\/api.w.org\/{rel}","templated":true}]}}