{"id":56,"date":"2014-05-13T14:15:02","date_gmt":"2014-05-13T14:15:02","guid":{"rendered":"http:\/\/www.cokoladnica-olimje.si\/?page_id=56"},"modified":"2020-10-15T16:10:15","modified_gmt":"2020-10-15T14:10:15","slug":"cokoladnica_celje-2","status":"publish","type":"page","link":"https:\/\/cokoladnica-olimje.si\/?page_id=56","title":{"rendered":"\u010cokoladnica Celje"},"content":{"rendered":"<div id=\"pl-56\"  class=\"panel-layout\" ><div id=\"pg-56-0\"  class=\"panel-grid panel-no-style\" ><div id=\"pgc-56-0-0\"  class=\"panel-grid-cell\" ><div id=\"panel-56-0-0-0\" class=\"so-panel widget widget_text panel-first-child\" data-index=\"0\" >\t\t\t<div class=\"textwidget\">\u010cokoladnica Celje se nahaja v sredi\u0161\u010du Celja nasproti ekonomske srednje \u0161ole.<\/div>\n\t\t<\/div><div id=\"panel-56-0-0-1\" class=\"so-panel widget widget_virtue_gmap_widget virtue_gmap_widget panel-last-child\" data-index=\"1\" ><div id=\"map_address989\" class=\"kt-map\"><iframe height=\"300\" src=\"https:\/\/maps.google.com\/maps?&q=Vodnikova%20ulica%2011%2C%203000%20Celje&amp;cid=&amp;t=m&amp;center=Vodnikova%20ulica%2011%2C%203000%20Celje&output=embed&z=17&iwloc=A&visual_refresh=true\"><\/iframe><\/div><\/div><\/div><div id=\"pgc-56-0-1\"  class=\"panel-grid-cell\" ><div id=\"panel-56-0-1-0\" class=\"so-panel widget widget_text panel-first-child panel-last-child\" data-index=\"2\" >\t\t\t<div class=\"textwidget\"><p>Vodnikova ulica 11<br \/>\n3000 Celje<\/p>\n<p>Tel.: +386 (0)3 777 4 103 int 1<\/p>\n<p>Se opravi\u010dujemo, vendar je do nadaljnjega zaprto.<\/p>\n<\/div>\n\t\t<\/div><\/div><\/div><div id=\"pg-56-1\"  class=\"panel-grid panel-no-style\" ><div id=\"pgc-56-1-0\"  class=\"panel-grid-cell\" ><div id=\"panel-56-1-0-0\" class=\"so-panel widget widget_virtue_gallery_widget virtue_gallery_widget panel-first-child panel-last-child\" data-index=\"3\" ><div id=\"kad-wp-gallery156\" class=\"kad-wp-gallery gallery kt-gallery-column-3 init-isotope-intrinsic reinit-isotope kad-light-wp-gallery clearfix rowtight\" data-fade-in=\"1\" data-iso-selector=\".g_item\" data-iso-style=\"masonry\" data-iso-filter=\"false\"><div class=\"tcol-lg-4 tcol-md-4 tcol-sm-4 tcol-xs-6 tcol-ss-12 g_item\"><div class=\"grid_item kt_item_fade_in kad_gallery_fade_in gallery_item\"><a href=\"https:\/\/cokoladnica-olimje.si\/wp-content\/uploads\/sites\/6\/2014\/05\/celje.jpg\" data-rel=\"lightbox\" class=\"lightboxhover\"><div class=\"kt-intrinsic\" style=\"padding-bottom:100%;\"><div itemprop=\"image\" itemscope itemtype=\"https:\/\/schema.org\/ImageObject\"><img loading=\"lazy\" decoding=\"async\" width=\"366\" height=\"366\" src=\"https:\/\/cokoladnica-olimje.si\/wp-content\/uploads\/sites\/6\/2014\/05\/celje-366x366.jpg\" srcset=\"https:\/\/cokoladnica-olimje.si\/wp-content\/uploads\/sites\/6\/2014\/05\/celje-366x366.jpg 366w, https:\/\/cokoladnica-olimje.si\/wp-content\/uploads\/sites\/6\/2014\/05\/celje-150x150.jpg 150w, https:\/\/cokoladnica-olimje.si\/wp-content\/uploads\/sites\/6\/2014\/05\/celje-90x90.jpg 90w, https:\/\/cokoladnica-olimje.si\/wp-content\/uploads\/sites\/6\/2014\/05\/celje-300x300.jpg 300w\" sizes=\"auto, (max-width: 366px) 100vw, 366px\" data-caption=\"\u010cokoladnica Celje\" class=\"light-dropshaddow\" itemprop=\"contentUrl\" alt=\"\"><meta itemprop=\"url\" content=\"https:\/\/cokoladnica-olimje.si\/wp-content\/uploads\/sites\/6\/2014\/05\/celje-366x366.jpg\"><meta itemprop=\"width\" content=\"366px\"><meta itemprop=\"height\" content=\"366px\"><\/div><\/div><\/a><\/div><\/div><div class=\"tcol-lg-4 tcol-md-4 tcol-sm-4 tcol-xs-6 tcol-ss-12 g_item\"><div class=\"grid_item kt_item_fade_in kad_gallery_fade_in gallery_item\"><a href=\"https:\/\/cokoladnica-olimje.si\/wp-content\/uploads\/sites\/6\/2014\/05\/celje-notri.jpg\" data-rel=\"lightbox\" class=\"lightboxhover\"><div class=\"kt-intrinsic\" style=\"padding-bottom:100%;\"><div itemprop=\"image\" itemscope itemtype=\"https:\/\/schema.org\/ImageObject\"><img loading=\"lazy\" decoding=\"async\" width=\"366\" height=\"366\" src=\"https:\/\/cokoladnica-olimje.si\/wp-content\/uploads\/sites\/6\/2014\/05\/celje-notri-366x366.jpg\" srcset=\"https:\/\/cokoladnica-olimje.si\/wp-content\/uploads\/sites\/6\/2014\/05\/celje-notri-366x366.jpg 366w, https:\/\/cokoladnica-olimje.si\/wp-content\/uploads\/sites\/6\/2014\/05\/celje-notri-150x150.jpg 150w, https:\/\/cokoladnica-olimje.si\/wp-content\/uploads\/sites\/6\/2014\/05\/celje-notri-90x90.jpg 90w, https:\/\/cokoladnica-olimje.si\/wp-content\/uploads\/sites\/6\/2014\/05\/celje-notri-300x300.jpg 300w\" sizes=\"auto, (max-width: 366px) 100vw, 366px\" data-caption=\"\u010cokoladnica Celje\" class=\"light-dropshaddow\" itemprop=\"contentUrl\" alt=\"\"><meta itemprop=\"url\" content=\"https:\/\/cokoladnica-olimje.si\/wp-content\/uploads\/sites\/6\/2014\/05\/celje-notri-366x366.jpg\"><meta itemprop=\"width\" content=\"366px\"><meta itemprop=\"height\" content=\"366px\"><\/div><\/div><\/a><\/div><\/div><\/div><\/div><\/div><\/div><\/div>","protected":false},"excerpt":{"rendered":"<p>\u010cokoladnica Celje se nahaja v sredi\u0161\u010du Celja nasproti ekonomske srednje \u0161ole. Vodnikova ulica 11 3000 Celje Tel.: +386 (0)3 777 4 103 int 1 Se opravi\u010dujemo, vendar je do nadaljnjega zaprto.<\/p>\n","protected":false},"author":1,"featured_media":0,"parent":0,"menu_order":0,"comment_status":"closed","ping_status":"closed","template":"page-fullwidth.php","meta":{"om_disable_all_campaigns":false,"kt_blocks_editor_width":"","_monsterinsights_skip_tracking":false,"_monsterinsights_sitenote_active":false,"_monsterinsights_sitenote_note":"","_monsterinsights_sitenote_category":0,"_uf_show_specific_survey":0,"_uf_disable_surveys":false,"footnotes":""},"class_list":["post-56","page","type-page","status-publish","hentry"],"aioseo_notices":[],"_links":{"self":[{"href":"https:\/\/cokoladnica-olimje.si\/index.php?rest_route=\/wp\/v2\/pages\/56","targetHints":{"allow":["GET"]}}],"collection":[{"href":"https:\/\/cokoladnica-olimje.si\/index.php?rest_route=\/wp\/v2\/pages"}],"about":[{"href":"https:\/\/cokoladnica-olimje.si\/index.php?rest_route=\/wp\/v2\/types\/page"}],"author":[{"embeddable":true,"href":"https:\/\/cokoladnica-olimje.si\/index.php?rest_route=\/wp\/v2\/users\/1"}],"replies":[{"embeddable":true,"href":"https:\/\/cokoladnica-olimje.si\/index.php?rest_route=%2Fwp%2Fv2%2Fcomments&post=56"}],"version-history":[{"count":3,"href":"https:\/\/cokoladnica-olimje.si\/index.php?rest_route=\/wp\/v2\/pages\/56\/revisions"}],"predecessor-version":[{"id":3200,"href":"https:\/\/cokoladnica-olimje.si\/index.php?rest_route=\/wp\/v2\/pages\/56\/revisions\/3200"}],"wp:attachment":[{"href":"https:\/\/cokoladnica-olimje.si\/index.php?rest_route=%2Fwp%2Fv2%2Fmedia&parent=56"}],"curies":[{"name":"wp","href":"https:\/\/api.w.org\/{rel}","templated":true}]}}