{"id":1009,"date":"2014-08-01T14:07:49","date_gmt":"2014-08-01T12:07:49","guid":{"rendered":"http:\/\/cokoladnica-olimje.si\/?post_type=product&#038;p=1009"},"modified":"2024-09-26T15:54:13","modified_gmt":"2024-09-26T13:54:13","slug":"oblite-rozine-v-temni-cokolada","status":"publish","type":"product","link":"https:\/\/cokoladnica-olimje.si\/?product=oblite-rozine-v-temni-cokolada","title":{"rendered":"Oblite rozine v temni \u010dokolada"},"content":{"rendered":"<p>Oblite rozine v temni \u010dokolada<br \/>\nSerstavina: rozine , kakavova masa, sladkor, emulgator lecitin (E322), naravni enaka aroma vanilin, lakavovih delov najmanj 74%<\/p>\n<p>Lahko vsebuje sledi lupinastega sadja, mleka in le\u0161nika.<\/p>\n","protected":false},"excerpt":{"rendered":"<p>Vre\u010dka rozin oblita v temni \u010dokoladi. Razmerje rozine in na\u0161e temne \u010dokolade nam da pravilni okus. Ob vsaki rozin, ki jo okusimo ob\u010dutimo razliko med rozino in \u010dokolado.<\/p>\n<p>Vsebina:<br \/>\n&#8211; Temna \u010dokolada<br \/>\n&#8211; Suhe rozine<\/p>\n","protected":false},"featured_media":1384,"comment_status":"closed","ping_status":"closed","template":"","meta":{"om_disable_all_campaigns":false,"kt_blocks_editor_width":"","_monsterinsights_skip_tracking":false,"_monsterinsights_sitenote_active":false,"_monsterinsights_sitenote_note":"","_monsterinsights_sitenote_category":0,"_uf_show_specific_survey":0,"_uf_disable_surveys":false},"product_brand":[],"product_cat":[92],"product_tag":[],"class_list":{"0":"post-1009","1":"product","2":"type-product","3":"status-publish","4":"has-post-thumbnail","6":"product_cat-oblito-s-cokolado","8":"first","9":"outofstock","10":"taxable","11":"shipping-taxable","12":"purchasable","13":"product-type-simple"},"aioseo_notices":[],"_links":{"self":[{"href":"https:\/\/cokoladnica-olimje.si\/index.php?rest_route=\/wp\/v2\/product\/1009","targetHints":{"allow":["GET"]}}],"collection":[{"href":"https:\/\/cokoladnica-olimje.si\/index.php?rest_route=\/wp\/v2\/product"}],"about":[{"href":"https:\/\/cokoladnica-olimje.si\/index.php?rest_route=\/wp\/v2\/types\/product"}],"replies":[{"embeddable":true,"href":"https:\/\/cokoladnica-olimje.si\/index.php?rest_route=%2Fwp%2Fv2%2Fcomments&post=1009"}],"wp:featuredmedia":[{"embeddable":true,"href":"https:\/\/cokoladnica-olimje.si\/index.php?rest_route=\/wp\/v2\/media\/1384"}],"wp:attachment":[{"href":"https:\/\/cokoladnica-olimje.si\/index.php?rest_route=%2Fwp%2Fv2%2Fmedia&parent=1009"}],"wp:term":[{"taxonomy":"product_brand","embeddable":true,"href":"https:\/\/cokoladnica-olimje.si\/index.php?rest_route=%2Fwp%2Fv2%2Fproduct_brand&post=1009"},{"taxonomy":"product_cat","embeddable":true,"href":"https:\/\/cokoladnica-olimje.si\/index.php?rest_route=%2Fwp%2Fv2%2Fproduct_cat&post=1009"},{"taxonomy":"product_tag","embeddable":true,"href":"https:\/\/cokoladnica-olimje.si\/index.php?rest_route=%2Fwp%2Fv2%2Fproduct_tag&post=1009"}],"curies":[{"name":"wp","href":"https:\/\/api.w.org\/{rel}","templated":true}]}}