{"id":1011,"date":"2014-08-01T14:30:33","date_gmt":"2014-08-01T12:30:33","guid":{"rendered":"http:\/\/cokoladnica-olimje.si\/product\/obliti-lesniki-v-temni-cokolada\/"},"modified":"2024-09-26T15:54:04","modified_gmt":"2024-09-26T13:54:04","slug":"obliti-lesniki-v-temni-cokolada","status":"publish","type":"product","link":"https:\/\/cokoladnica-olimje.si\/?product=obliti-lesniki-v-temni-cokolada","title":{"rendered":"Obliti le\u0161niki v temni \u010dokolada"},"content":{"rendered":"<p>Obliti le\u0161niki v temni \u010dokolada<br \/>\nSerstavina: le\u0161niki, kakavova masa, sladkor, emulgator lecitin (E322), naravni enaka aroma vanilin, lakavovih delov najmanj 74%<\/p>\n<p>Lahko vsebuje sledi lupinastega sadja in mleka.<\/p>\n","protected":false},"excerpt":{"rendered":"<p>Vre\u010dka le\u0161nikov obliti v temni \u010dokoladi. Razmerje le\u0161nika in na\u0161e temne \u010dokolade nam da pravilni okus. Ob vsakem le\u0161niku, ki ga okusimo ob\u010dutimo razliko med le\u0161nikom in \u010dokolado.<\/p>\n<p>Vsebina:<br \/>\n&#8211; Temna \u010dokolada<br \/>\n&#8211; Le\u0161nik<\/p>\n","protected":false},"featured_media":1383,"comment_status":"closed","ping_status":"closed","template":"","meta":{"om_disable_all_campaigns":false,"kt_blocks_editor_width":"","_monsterinsights_skip_tracking":false,"_monsterinsights_sitenote_active":false,"_monsterinsights_sitenote_note":"","_monsterinsights_sitenote_category":0,"_uf_show_specific_survey":0,"_uf_disable_surveys":false},"product_brand":[],"product_cat":[91,92],"product_tag":[],"class_list":{"0":"post-1011","1":"product","2":"type-product","3":"status-publish","4":"has-post-thumbnail","6":"product_cat-draze","7":"product_cat-oblito-s-cokolado","9":"first","10":"outofstock","11":"taxable","12":"shipping-taxable","13":"purchasable","14":"product-type-simple"},"aioseo_notices":[],"_links":{"self":[{"href":"https:\/\/cokoladnica-olimje.si\/index.php?rest_route=\/wp\/v2\/product\/1011","targetHints":{"allow":["GET"]}}],"collection":[{"href":"https:\/\/cokoladnica-olimje.si\/index.php?rest_route=\/wp\/v2\/product"}],"about":[{"href":"https:\/\/cokoladnica-olimje.si\/index.php?rest_route=\/wp\/v2\/types\/product"}],"replies":[{"embeddable":true,"href":"https:\/\/cokoladnica-olimje.si\/index.php?rest_route=%2Fwp%2Fv2%2Fcomments&post=1011"}],"wp:featuredmedia":[{"embeddable":true,"href":"https:\/\/cokoladnica-olimje.si\/index.php?rest_route=\/wp\/v2\/media\/1383"}],"wp:attachment":[{"href":"https:\/\/cokoladnica-olimje.si\/index.php?rest_route=%2Fwp%2Fv2%2Fmedia&parent=1011"}],"wp:term":[{"taxonomy":"product_brand","embeddable":true,"href":"https:\/\/cokoladnica-olimje.si\/index.php?rest_route=%2Fwp%2Fv2%2Fproduct_brand&post=1011"},{"taxonomy":"product_cat","embeddable":true,"href":"https:\/\/cokoladnica-olimje.si\/index.php?rest_route=%2Fwp%2Fv2%2Fproduct_cat&post=1011"},{"taxonomy":"product_tag","embeddable":true,"href":"https:\/\/cokoladnica-olimje.si\/index.php?rest_route=%2Fwp%2Fv2%2Fproduct_tag&post=1011"}],"curies":[{"name":"wp","href":"https:\/\/api.w.org\/{rel}","templated":true}]}}