{"id":1012,"date":"2014-08-01T14:33:13","date_gmt":"2014-08-01T12:33:13","guid":{"rendered":"http:\/\/cokoladnica-olimje.si\/product\/temna-cokolada-z-draze-bonboni\/"},"modified":"2024-09-26T15:53:57","modified_gmt":"2024-09-26T13:53:57","slug":"temna-cokolada-z-draze-bonboni","status":"publish","type":"product","link":"https:\/\/cokoladnica-olimje.si\/?product=temna-cokolada-z-draze-bonboni","title":{"rendered":"Temna \u010dokolada z dra\u017ee bonboni"},"content":{"rendered":"<p>Temna \u010dokolada z dra\u017ee bonboni<br \/>\nSestavina: kakavova masa, sladkor, mleko v prahu, ri\u017eev \u0161krob ,maltodextrin, premazni agent (E903,E901), barvni agent (E100,E160e,E171,E183,E151), emulgator lecitin (E322), naravni enaka aroma vanilin, lakavovih delov najmanj 74%.<\/p>\n<p>Lahko vsebuje sledi lupinastega sadja, gluten, le\u0161nika in sojo.<\/p>\n","protected":false},"excerpt":{"rendered":"<p>100 g temna \u010dokolada z minimalnim dele\u017eem kakavovih delcev 74%, okrasimo z dra\u017ee bonboni. \u010cokolada postane vizualno pisana in zanimiva.<\/p>\n<p>Vsebina:<br \/>\n&#8211; Temna \u010dokolada<br \/>\n&#8211; Dra\u017ee bonboni<\/p>\n","protected":false},"featured_media":1177,"comment_status":"closed","ping_status":"closed","template":"","meta":{"om_disable_all_campaigns":false,"kt_blocks_editor_width":"","_monsterinsights_skip_tracking":false,"_monsterinsights_sitenote_active":false,"_monsterinsights_sitenote_note":"","_monsterinsights_sitenote_category":0,"_uf_show_specific_survey":0,"_uf_disable_surveys":false},"product_brand":[],"product_cat":[51,91],"product_tag":[],"class_list":{"0":"post-1012","1":"product","2":"type-product","3":"status-publish","4":"has-post-thumbnail","6":"product_cat-cokoladne-tablice","7":"product_cat-draze","9":"first","10":"outofstock","11":"taxable","12":"shipping-taxable","13":"purchasable","14":"product-type-simple"},"aioseo_notices":[],"_links":{"self":[{"href":"https:\/\/cokoladnica-olimje.si\/index.php?rest_route=\/wp\/v2\/product\/1012","targetHints":{"allow":["GET"]}}],"collection":[{"href":"https:\/\/cokoladnica-olimje.si\/index.php?rest_route=\/wp\/v2\/product"}],"about":[{"href":"https:\/\/cokoladnica-olimje.si\/index.php?rest_route=\/wp\/v2\/types\/product"}],"replies":[{"embeddable":true,"href":"https:\/\/cokoladnica-olimje.si\/index.php?rest_route=%2Fwp%2Fv2%2Fcomments&post=1012"}],"wp:featuredmedia":[{"embeddable":true,"href":"https:\/\/cokoladnica-olimje.si\/index.php?rest_route=\/wp\/v2\/media\/1177"}],"wp:attachment":[{"href":"https:\/\/cokoladnica-olimje.si\/index.php?rest_route=%2Fwp%2Fv2%2Fmedia&parent=1012"}],"wp:term":[{"taxonomy":"product_brand","embeddable":true,"href":"https:\/\/cokoladnica-olimje.si\/index.php?rest_route=%2Fwp%2Fv2%2Fproduct_brand&post=1012"},{"taxonomy":"product_cat","embeddable":true,"href":"https:\/\/cokoladnica-olimje.si\/index.php?rest_route=%2Fwp%2Fv2%2Fproduct_cat&post=1012"},{"taxonomy":"product_tag","embeddable":true,"href":"https:\/\/cokoladnica-olimje.si\/index.php?rest_route=%2Fwp%2Fv2%2Fproduct_tag&post=1012"}],"curies":[{"name":"wp","href":"https:\/\/api.w.org\/{rel}","templated":true}]}}