{"id":1015,"date":"2014-08-01T15:13:21","date_gmt":"2014-08-01T13:13:21","guid":{"rendered":"http:\/\/cokoladnica-olimje.si\/?post_type=product&#038;p=1015"},"modified":"2024-09-26T15:53:33","modified_gmt":"2024-09-26T13:53:33","slug":"250-g-mlecna-cokolada","status":"publish","type":"product","link":"https:\/\/cokoladnica-olimje.si\/?product=250-g-mlecna-cokolada","title":{"rendered":"250 g mle\u010dna \u010dokolada"},"content":{"rendered":"<p>250 g mle\u010dna \u010dokolada<br \/>\nSestavina: sladkor, kakavovo maslo, mleko v prahu, kakavova masa, sirotka, soja licitin, ekstrakt vanilije. Minimalna koli\u010dina kakavovih delcev 38%<\/p>\n<p>Lahko vsebuje sledi le\u0161nika in suhega sadja.<\/p>\n","protected":false},"excerpt":{"rendered":"<p>Mle\u010dna \u010dokolada ima samo osnovne sestavine za izdelavo \u010dokolada. Nima nobene rastlinske ma\u0161\u010dobe. Kakavovih delcev je minimalno 38%.<\/p>\n<p>Setavina:<br \/>\n&#8211; Mle\u010dna \u010dokolada<\/p>\n","protected":false},"featured_media":1279,"comment_status":"open","ping_status":"closed","template":"","meta":{"om_disable_all_campaigns":false,"kt_blocks_editor_width":"","_monsterinsights_skip_tracking":false,"_monsterinsights_sitenote_active":false,"_monsterinsights_sitenote_note":"","_monsterinsights_sitenote_category":0,"_uf_show_specific_survey":0,"_uf_disable_surveys":false},"product_brand":[],"product_cat":[51],"product_tag":[],"class_list":{"0":"post-1015","1":"product","2":"type-product","3":"status-publish","4":"has-post-thumbnail","6":"product_cat-cokoladne-tablice","8":"first","9":"outofstock","10":"taxable","11":"shipping-taxable","12":"purchasable","13":"product-type-simple"},"aioseo_notices":[],"_links":{"self":[{"href":"https:\/\/cokoladnica-olimje.si\/index.php?rest_route=\/wp\/v2\/product\/1015","targetHints":{"allow":["GET"]}}],"collection":[{"href":"https:\/\/cokoladnica-olimje.si\/index.php?rest_route=\/wp\/v2\/product"}],"about":[{"href":"https:\/\/cokoladnica-olimje.si\/index.php?rest_route=\/wp\/v2\/types\/product"}],"replies":[{"embeddable":true,"href":"https:\/\/cokoladnica-olimje.si\/index.php?rest_route=%2Fwp%2Fv2%2Fcomments&post=1015"}],"wp:featuredmedia":[{"embeddable":true,"href":"https:\/\/cokoladnica-olimje.si\/index.php?rest_route=\/wp\/v2\/media\/1279"}],"wp:attachment":[{"href":"https:\/\/cokoladnica-olimje.si\/index.php?rest_route=%2Fwp%2Fv2%2Fmedia&parent=1015"}],"wp:term":[{"taxonomy":"product_brand","embeddable":true,"href":"https:\/\/cokoladnica-olimje.si\/index.php?rest_route=%2Fwp%2Fv2%2Fproduct_brand&post=1015"},{"taxonomy":"product_cat","embeddable":true,"href":"https:\/\/cokoladnica-olimje.si\/index.php?rest_route=%2Fwp%2Fv2%2Fproduct_cat&post=1015"},{"taxonomy":"product_tag","embeddable":true,"href":"https:\/\/cokoladnica-olimje.si\/index.php?rest_route=%2Fwp%2Fv2%2Fproduct_tag&post=1015"}],"curies":[{"name":"wp","href":"https:\/\/api.w.org\/{rel}","templated":true}]}}