{"id":1016,"date":"2014-08-01T15:45:11","date_gmt":"2014-08-01T13:45:11","guid":{"rendered":"http:\/\/cokoladnica-olimje.si\/?post_type=product&#038;p=1016"},"modified":"2024-09-26T15:53:23","modified_gmt":"2024-09-26T13:53:23","slug":"bonboniera-persipan-v-temni-cokoladi","status":"publish","type":"product","link":"https:\/\/cokoladnica-olimje.si\/?product=bonboniera-persipan-v-temni-cokoladi","title":{"rendered":"Bonboniera Persipan v temni \u010dokoladi"},"content":{"rendered":"<p>Pralina z mareli\u010dnim nadevom<br \/>\nSestavina: kakavova, masa, sladkor, mareli\u010dna jedrca, voda, invertni sladkor, emulgator licitin, krompirjev \u0161krob, ekstrakt vanilije,. Minimalna koli\u010dina kakavovih delcev 74%.<\/p>\n<p>Lahko vsebuje sledi mleka, le\u0161nika in suhega sadja<\/p>\n","protected":false},"excerpt":{"rendered":"<p>Persipan narejen iz jedrc marelic, ima okus kakor marcipan, vendar ni tako sladek. Persipan in temna \u010dokolada je prava konbinacija, ki jo ne boste tako zlahka pozabili.<\/p>\n<p>Vsebina:<br \/>\n&#8211; Temna \u010dokolada<br \/>\n&#8211; Persipan (mareli\u010dna jedrca)<\/p>\n","protected":false},"featured_media":1339,"comment_status":"open","ping_status":"closed","template":"","meta":{"om_disable_all_campaigns":false,"kt_blocks_editor_width":"","_monsterinsights_skip_tracking":false,"_monsterinsights_sitenote_active":false,"_monsterinsights_sitenote_note":"","_monsterinsights_sitenote_category":0,"_uf_show_specific_survey":0,"_uf_disable_surveys":false},"product_brand":[],"product_cat":[50],"product_tag":[],"class_list":{"0":"post-1016","1":"product","2":"type-product","3":"status-publish","4":"has-post-thumbnail","6":"product_cat-praline","8":"first","9":"outofstock","10":"taxable","11":"shipping-taxable","12":"purchasable","13":"product-type-simple"},"aioseo_notices":[],"_links":{"self":[{"href":"https:\/\/cokoladnica-olimje.si\/index.php?rest_route=\/wp\/v2\/product\/1016","targetHints":{"allow":["GET"]}}],"collection":[{"href":"https:\/\/cokoladnica-olimje.si\/index.php?rest_route=\/wp\/v2\/product"}],"about":[{"href":"https:\/\/cokoladnica-olimje.si\/index.php?rest_route=\/wp\/v2\/types\/product"}],"replies":[{"embeddable":true,"href":"https:\/\/cokoladnica-olimje.si\/index.php?rest_route=%2Fwp%2Fv2%2Fcomments&post=1016"}],"wp:featuredmedia":[{"embeddable":true,"href":"https:\/\/cokoladnica-olimje.si\/index.php?rest_route=\/wp\/v2\/media\/1339"}],"wp:attachment":[{"href":"https:\/\/cokoladnica-olimje.si\/index.php?rest_route=%2Fwp%2Fv2%2Fmedia&parent=1016"}],"wp:term":[{"taxonomy":"product_brand","embeddable":true,"href":"https:\/\/cokoladnica-olimje.si\/index.php?rest_route=%2Fwp%2Fv2%2Fproduct_brand&post=1016"},{"taxonomy":"product_cat","embeddable":true,"href":"https:\/\/cokoladnica-olimje.si\/index.php?rest_route=%2Fwp%2Fv2%2Fproduct_cat&post=1016"},{"taxonomy":"product_tag","embeddable":true,"href":"https:\/\/cokoladnica-olimje.si\/index.php?rest_route=%2Fwp%2Fv2%2Fproduct_tag&post=1016"}],"curies":[{"name":"wp","href":"https:\/\/api.w.org\/{rel}","templated":true}]}}