{"id":1022,"date":"2014-08-01T16:20:12","date_gmt":"2014-08-01T14:20:12","guid":{"rendered":"http:\/\/cokoladnica-olimje.si\/product\/zlozenka-velika-500g\/"},"modified":"2024-09-26T15:52:55","modified_gmt":"2024-09-26T13:52:55","slug":"zlozenka-velika-500g","status":"publish","type":"product","link":"https:\/\/cokoladnica-olimje.si\/?product=zlozenka-velika-500g","title":{"rendered":"Bonboniera Zlo\u017eenka velika 500 g"},"content":{"rendered":"<p>Pralina z mandeljnim, mareli\u010dnim,\u00a0le\u0161nikovim in pistacijevim nadevom<br \/>\nSestavina: sladkor, mleko v prahu, kakavovo maslo ,kakavova masa, jedrca marelic, mandeljev, pistacije in le\u0161nika, invertni sladkor, sirotka, sorbitol, emulgator lecitin, naravni enaka aroma vanilin, kakavovih delcev najmanj 38%.<\/p>\n<p>Lahko vsebuje sledi suhega sadja<\/p>\n","protected":false},"excerpt":{"rendered":"<p>Zlo\u017eenka je sestavljena iz razli\u010dnih pralinejev. Praline so zlo\u017eene v tri nadstropja in polo\u017eene v papirnato skodelico. \u0160katlica je zavita v pentljo Primerna je za obdaritev.<\/p>\n<p>Sestava:<br \/>\n&#8211; Mle\u010dna, bela in temna \u010dokolada<br \/>\n&#8211; Marcipan<br \/>\n&#8211; Persipan<br \/>\n&#8211; Nugat<br \/>\n&#8211; Pistacija<\/p>\n","protected":false},"featured_media":1215,"comment_status":"closed","ping_status":"closed","template":"","meta":{"om_disable_all_campaigns":false,"kt_blocks_editor_width":"","_monsterinsights_skip_tracking":false,"_monsterinsights_sitenote_active":false,"_monsterinsights_sitenote_note":"","_monsterinsights_sitenote_category":0,"_uf_show_specific_survey":0,"_uf_disable_surveys":false},"product_brand":[],"product_cat":[96,50],"product_tag":[],"class_list":{"0":"post-1022","1":"product","2":"type-product","3":"status-publish","4":"has-post-thumbnail","6":"product_cat-bozicno-novoletne","7":"product_cat-praline","9":"first","10":"outofstock","11":"taxable","12":"shipping-taxable","13":"purchasable","14":"product-type-simple"},"aioseo_notices":[],"_links":{"self":[{"href":"https:\/\/cokoladnica-olimje.si\/index.php?rest_route=\/wp\/v2\/product\/1022","targetHints":{"allow":["GET"]}}],"collection":[{"href":"https:\/\/cokoladnica-olimje.si\/index.php?rest_route=\/wp\/v2\/product"}],"about":[{"href":"https:\/\/cokoladnica-olimje.si\/index.php?rest_route=\/wp\/v2\/types\/product"}],"replies":[{"embeddable":true,"href":"https:\/\/cokoladnica-olimje.si\/index.php?rest_route=%2Fwp%2Fv2%2Fcomments&post=1022"}],"wp:featuredmedia":[{"embeddable":true,"href":"https:\/\/cokoladnica-olimje.si\/index.php?rest_route=\/wp\/v2\/media\/1215"}],"wp:attachment":[{"href":"https:\/\/cokoladnica-olimje.si\/index.php?rest_route=%2Fwp%2Fv2%2Fmedia&parent=1022"}],"wp:term":[{"taxonomy":"product_brand","embeddable":true,"href":"https:\/\/cokoladnica-olimje.si\/index.php?rest_route=%2Fwp%2Fv2%2Fproduct_brand&post=1022"},{"taxonomy":"product_cat","embeddable":true,"href":"https:\/\/cokoladnica-olimje.si\/index.php?rest_route=%2Fwp%2Fv2%2Fproduct_cat&post=1022"},{"taxonomy":"product_tag","embeddable":true,"href":"https:\/\/cokoladnica-olimje.si\/index.php?rest_route=%2Fwp%2Fv2%2Fproduct_tag&post=1022"}],"curies":[{"name":"wp","href":"https:\/\/api.w.org\/{rel}","templated":true}]}}