{"id":1025,"date":"2014-08-01T16:41:30","date_gmt":"2014-08-01T14:41:30","guid":{"rendered":"http:\/\/cokoladnica-olimje.si\/product\/kvadratasta-bonboniera-rjava\/"},"modified":"2024-09-26T15:47:39","modified_gmt":"2024-09-26T13:47:39","slug":"kvadratasta-bonboniera-rjava","status":"publish","type":"product","link":"https:\/\/cokoladnica-olimje.si\/?product=kvadratasta-bonboniera-rjava","title":{"rendered":"Kvadratasta bonboniera rjava"},"content":{"rendered":"<p>Pralina z mandeljnim, mareli\u010dnim,\u00a0le\u0161nikovim in pistacijevim nadevom<br \/>\nSestavina: sladkor, mleko v prahu, kakavovo maslo, kakavova masa, jedrca madeljna, marelic, le\u0161nika in pistacije, invertni sladkor, sirotka, sorbitol, emulgator lecitin, naravni enaka aroma vanilin, kakavovih delcev najmanj 38%.<\/p>\n<p>Lahko vsebuje sledi lupinastega sadja.<\/p>\n","protected":false},"excerpt":{"rendered":"<p>Bonboniera je sestavljena iz izvrstnih okusov marcipana, pistacije, nugata in persipana. Praline so oblite s temno, mle\u010dno in belo \u010dokolado. Zapakirano je v li\u010dno embala\u017ei, ki je namenjena za obdaritev.<\/p>\n<p>Sestava:<br \/>\n&#8211; Mle\u010dna, bela in temna \u010dokolada<br \/>\n&#8211; Marcipan<br \/>\n&#8211; Persipan<br \/>\n&#8211; Nugat<br \/>\n&#8211; Pistacija<\/p>\n","protected":false},"featured_media":1406,"comment_status":"closed","ping_status":"closed","template":"","meta":{"om_disable_all_campaigns":false,"kt_blocks_editor_width":"","_monsterinsights_skip_tracking":false,"_monsterinsights_sitenote_active":false,"_monsterinsights_sitenote_note":"","_monsterinsights_sitenote_category":0,"_uf_show_specific_survey":0,"_uf_disable_surveys":false},"product_brand":[],"product_cat":[96,50],"product_tag":[],"class_list":{"0":"post-1025","1":"product","2":"type-product","3":"status-publish","4":"has-post-thumbnail","6":"product_cat-bozicno-novoletne","7":"product_cat-praline","8":"pa_barva-bela","9":"pa_barva-rdeca","10":"pa_barva-rjava","12":"first","13":"outofstock","14":"taxable","15":"shipping-taxable","16":"purchasable","17":"product-type-simple"},"aioseo_notices":[],"_links":{"self":[{"href":"https:\/\/cokoladnica-olimje.si\/index.php?rest_route=\/wp\/v2\/product\/1025","targetHints":{"allow":["GET"]}}],"collection":[{"href":"https:\/\/cokoladnica-olimje.si\/index.php?rest_route=\/wp\/v2\/product"}],"about":[{"href":"https:\/\/cokoladnica-olimje.si\/index.php?rest_route=\/wp\/v2\/types\/product"}],"replies":[{"embeddable":true,"href":"https:\/\/cokoladnica-olimje.si\/index.php?rest_route=%2Fwp%2Fv2%2Fcomments&post=1025"}],"wp:featuredmedia":[{"embeddable":true,"href":"https:\/\/cokoladnica-olimje.si\/index.php?rest_route=\/wp\/v2\/media\/1406"}],"wp:attachment":[{"href":"https:\/\/cokoladnica-olimje.si\/index.php?rest_route=%2Fwp%2Fv2%2Fmedia&parent=1025"}],"wp:term":[{"taxonomy":"product_brand","embeddable":true,"href":"https:\/\/cokoladnica-olimje.si\/index.php?rest_route=%2Fwp%2Fv2%2Fproduct_brand&post=1025"},{"taxonomy":"product_cat","embeddable":true,"href":"https:\/\/cokoladnica-olimje.si\/index.php?rest_route=%2Fwp%2Fv2%2Fproduct_cat&post=1025"},{"taxonomy":"product_tag","embeddable":true,"href":"https:\/\/cokoladnica-olimje.si\/index.php?rest_route=%2Fwp%2Fv2%2Fproduct_tag&post=1025"}],"curies":[{"name":"wp","href":"https:\/\/api.w.org\/{rel}","templated":true}]}}