{"id":1030,"date":"2014-08-01T17:21:15","date_gmt":"2014-08-01T15:21:15","guid":{"rendered":"http:\/\/cokoladnica-olimje.si\/product\/kamasutra-v-mlecni-cokolada\/"},"modified":"2021-11-03T11:09:56","modified_gmt":"2021-11-03T09:09:56","slug":"kamasutra-v-mlecni-cokoladi","status":"publish","type":"product","link":"https:\/\/cokoladnica-olimje.si\/?product=kamasutra-v-mlecni-cokoladi","title":{"rendered":"xxx Kamasutra v mle\u010dni \u010dokoladi"},"content":{"rendered":"<p>Mle\u010dna \u010dokolada<br \/>\nSerstavina: sladkor, kakavovo maslo, kakavova masa, mleko v prahu, emulgator lecitin (E322), naravni enaka aroma vanilin, kakavovih delov najmanj 38%<\/p>\n<p>Lahko vsebuje sledi lupinastega sadja in le\u0161nika<\/p>\n","protected":false},"excerpt":{"rendered":"<p>Kamasutra v \u010dokoladi z minimalnim dele\u017eem kakavovih delcev 38%. Primerna za &#8230; prepus\u0161\u010damo va\u0161i domi\u0161liji.<\/p>\n<p>Vsebina:<br \/>\n&#8211; Mle\u010dna \u010dokolada<\/p>\n","protected":false},"featured_media":1607,"comment_status":"closed","ping_status":"closed","template":"","meta":{"om_disable_all_campaigns":false,"kt_blocks_editor_width":"","_monsterinsights_skip_tracking":false,"_monsterinsights_sitenote_active":false,"_monsterinsights_sitenote_note":"","_monsterinsights_sitenote_category":0,"_uf_show_specific_survey":0,"_uf_disable_surveys":false},"product_brand":[],"product_cat":[51],"product_tag":[],"class_list":{"0":"post-1030","1":"product","2":"type-product","3":"status-publish","4":"has-post-thumbnail","6":"product_cat-cokoladne-tablice","8":"first","9":"outofstock","10":"taxable","11":"shipping-taxable","12":"purchasable","13":"product-type-simple"},"aioseo_notices":[],"_links":{"self":[{"href":"https:\/\/cokoladnica-olimje.si\/index.php?rest_route=\/wp\/v2\/product\/1030","targetHints":{"allow":["GET"]}}],"collection":[{"href":"https:\/\/cokoladnica-olimje.si\/index.php?rest_route=\/wp\/v2\/product"}],"about":[{"href":"https:\/\/cokoladnica-olimje.si\/index.php?rest_route=\/wp\/v2\/types\/product"}],"replies":[{"embeddable":true,"href":"https:\/\/cokoladnica-olimje.si\/index.php?rest_route=%2Fwp%2Fv2%2Fcomments&post=1030"}],"wp:featuredmedia":[{"embeddable":true,"href":"https:\/\/cokoladnica-olimje.si\/index.php?rest_route=\/wp\/v2\/media\/1607"}],"wp:attachment":[{"href":"https:\/\/cokoladnica-olimje.si\/index.php?rest_route=%2Fwp%2Fv2%2Fmedia&parent=1030"}],"wp:term":[{"taxonomy":"product_brand","embeddable":true,"href":"https:\/\/cokoladnica-olimje.si\/index.php?rest_route=%2Fwp%2Fv2%2Fproduct_brand&post=1030"},{"taxonomy":"product_cat","embeddable":true,"href":"https:\/\/cokoladnica-olimje.si\/index.php?rest_route=%2Fwp%2Fv2%2Fproduct_cat&post=1030"},{"taxonomy":"product_tag","embeddable":true,"href":"https:\/\/cokoladnica-olimje.si\/index.php?rest_route=%2Fwp%2Fv2%2Fproduct_tag&post=1030"}],"curies":[{"name":"wp","href":"https:\/\/api.w.org\/{rel}","templated":true}]}}