{"id":1036,"date":"2014-08-02T10:15:19","date_gmt":"2014-08-02T08:15:19","guid":{"rendered":"http:\/\/cokoladnica-olimje.si\/product\/bonboniera-eksklusive\/"},"modified":"2024-09-26T15:46:39","modified_gmt":"2024-09-26T13:46:39","slug":"bonboniera-eksklusive","status":"publish","type":"product","link":"https:\/\/cokoladnica-olimje.si\/?product=bonboniera-eksklusive","title":{"rendered":"Bonboniera Eksklusive"},"content":{"rendered":"<p>Pralina z mandeljnim, mareli\u010dnim,\u00a0le\u0161nikovim in pistacijevim nadevom<br \/>\nSestavina: sladkor, mleko v prahu, kakavovo maslo, kakavova masa, jedrca marelic, mandeljev, pistacije in le\u0161nika, invertni sladkor, sorbitol, sirotka, emulgator lecitin, naravni enaka aroma vanilin, kakavovih delcev najmanj 38%.<\/p>\n<p>Lahko vsebuje sledi suhega sadja<\/p>\n","protected":false},"excerpt":{"rendered":"<p>Zlo\u017eenka je sestavljena iz razli\u010dnih pralinejev. Bonboniera ima zanimive oblike pralinejev Tutankamena, krone in \u0161koljke. Je zelo zanimiva za pogled in tudi okusna.<\/p>\n<p>Sestava:<br \/>\n&#8211; Mle\u010dna, bela in temna \u010dokolada<br \/>\n&#8211; Marcipan<br \/>\n&#8211; Persipan<br \/>\n&#8211; Nugat<br \/>\n&#8211; Pistacija<\/p>\n","protected":false},"featured_media":1390,"comment_status":"closed","ping_status":"closed","template":"","meta":{"om_disable_all_campaigns":false,"kt_blocks_editor_width":"","_monsterinsights_skip_tracking":false,"_monsterinsights_sitenote_active":false,"_monsterinsights_sitenote_note":"","_monsterinsights_sitenote_category":0,"_uf_show_specific_survey":0,"_uf_disable_surveys":false},"product_brand":[],"product_cat":[50],"product_tag":[],"class_list":{"0":"post-1036","1":"product","2":"type-product","3":"status-publish","4":"has-post-thumbnail","6":"product_cat-praline","8":"first","9":"outofstock","10":"taxable","11":"shipping-taxable","12":"purchasable","13":"product-type-simple"},"aioseo_notices":[],"_links":{"self":[{"href":"https:\/\/cokoladnica-olimje.si\/index.php?rest_route=\/wp\/v2\/product\/1036","targetHints":{"allow":["GET"]}}],"collection":[{"href":"https:\/\/cokoladnica-olimje.si\/index.php?rest_route=\/wp\/v2\/product"}],"about":[{"href":"https:\/\/cokoladnica-olimje.si\/index.php?rest_route=\/wp\/v2\/types\/product"}],"replies":[{"embeddable":true,"href":"https:\/\/cokoladnica-olimje.si\/index.php?rest_route=%2Fwp%2Fv2%2Fcomments&post=1036"}],"wp:featuredmedia":[{"embeddable":true,"href":"https:\/\/cokoladnica-olimje.si\/index.php?rest_route=\/wp\/v2\/media\/1390"}],"wp:attachment":[{"href":"https:\/\/cokoladnica-olimje.si\/index.php?rest_route=%2Fwp%2Fv2%2Fmedia&parent=1036"}],"wp:term":[{"taxonomy":"product_brand","embeddable":true,"href":"https:\/\/cokoladnica-olimje.si\/index.php?rest_route=%2Fwp%2Fv2%2Fproduct_brand&post=1036"},{"taxonomy":"product_cat","embeddable":true,"href":"https:\/\/cokoladnica-olimje.si\/index.php?rest_route=%2Fwp%2Fv2%2Fproduct_cat&post=1036"},{"taxonomy":"product_tag","embeddable":true,"href":"https:\/\/cokoladnica-olimje.si\/index.php?rest_route=%2Fwp%2Fv2%2Fproduct_tag&post=1036"}],"curies":[{"name":"wp","href":"https:\/\/api.w.org\/{rel}","templated":true}]}}