{"id":1051,"date":"2014-08-03T18:37:05","date_gmt":"2014-08-03T16:37:05","guid":{"rendered":"http:\/\/cokoladnica-olimje.si\/product\/bonboniera-labod\/"},"modified":"2021-11-03T11:09:55","modified_gmt":"2021-11-03T09:09:55","slug":"bonboniera-labod","status":"publish","type":"product","link":"https:\/\/cokoladnica-olimje.si\/?product=bonboniera-labod","title":{"rendered":"Bonboniera Labod"},"content":{"rendered":"<p>Pralina z le\u0161nikovim nadevom<br \/>\nSestavina: sladkor, mleko v prahu, kakavovo maslo, kakavova masa, zdrobljena jedrca le\u0161nika, sirotka, emulgator lecitin, naravni enaka aroma vanilin, kakavovih delcev najmanj 38%.<\/p>\n<p>Lahko vsebuje sledi lupinastega sadja.<\/p>\n","protected":false},"excerpt":{"rendered":"<p>Osemnajst pralinejev z le\u0161nikovim nadevom z razli\u010dnimi oblikami. Na sredini bonboniere je vrsta labodov. Ko odgriznete se vam \u010dokolada in nugat pome\u0161ata v ustih in dobite pre\u010dudovit okus me\u0161anice le\u0161nika in bo\u017eanske \u010dokolade. Primerno za obdaritev.<\/p>\n<p>Vsebina:<br \/>\n&#8211; Bela, mle\u010dna in temna \u010dokolada<br \/>\n&#8211; Nugat (drobljeni le\u0161nik)<\/p>\n","protected":false},"featured_media":1368,"comment_status":"closed","ping_status":"closed","template":"","meta":{"om_disable_all_campaigns":false,"kt_blocks_editor_width":"","_monsterinsights_skip_tracking":false,"_monsterinsights_sitenote_active":false,"_monsterinsights_sitenote_note":"","_monsterinsights_sitenote_category":0,"_uf_show_specific_survey":0,"_uf_disable_surveys":false},"product_brand":[],"product_cat":[96,50],"product_tag":[],"class_list":{"0":"post-1051","1":"product","2":"type-product","3":"status-publish","4":"has-post-thumbnail","6":"product_cat-bozicno-novoletne","7":"product_cat-praline","8":"pa_color-green","10":"first","11":"outofstock","12":"taxable","13":"shipping-taxable","14":"purchasable","15":"product-type-simple"},"aioseo_notices":[],"_links":{"self":[{"href":"https:\/\/cokoladnica-olimje.si\/index.php?rest_route=\/wp\/v2\/product\/1051","targetHints":{"allow":["GET"]}}],"collection":[{"href":"https:\/\/cokoladnica-olimje.si\/index.php?rest_route=\/wp\/v2\/product"}],"about":[{"href":"https:\/\/cokoladnica-olimje.si\/index.php?rest_route=\/wp\/v2\/types\/product"}],"replies":[{"embeddable":true,"href":"https:\/\/cokoladnica-olimje.si\/index.php?rest_route=%2Fwp%2Fv2%2Fcomments&post=1051"}],"wp:featuredmedia":[{"embeddable":true,"href":"https:\/\/cokoladnica-olimje.si\/index.php?rest_route=\/wp\/v2\/media\/1368"}],"wp:attachment":[{"href":"https:\/\/cokoladnica-olimje.si\/index.php?rest_route=%2Fwp%2Fv2%2Fmedia&parent=1051"}],"wp:term":[{"taxonomy":"product_brand","embeddable":true,"href":"https:\/\/cokoladnica-olimje.si\/index.php?rest_route=%2Fwp%2Fv2%2Fproduct_brand&post=1051"},{"taxonomy":"product_cat","embeddable":true,"href":"https:\/\/cokoladnica-olimje.si\/index.php?rest_route=%2Fwp%2Fv2%2Fproduct_cat&post=1051"},{"taxonomy":"product_tag","embeddable":true,"href":"https:\/\/cokoladnica-olimje.si\/index.php?rest_route=%2Fwp%2Fv2%2Fproduct_tag&post=1051"}],"curies":[{"name":"wp","href":"https:\/\/api.w.org\/{rel}","templated":true}]}}