{"id":1052,"date":"2014-08-04T15:31:00","date_gmt":"2014-08-04T13:31:00","guid":{"rendered":"http:\/\/cokoladnica-olimje.si\/product\/cokoladna-krava\/"},"modified":"2024-09-26T16:14:47","modified_gmt":"2024-09-26T14:14:47","slug":"cokoladna-krava","status":"publish","type":"product","link":"https:\/\/cokoladnica-olimje.si\/?product=cokoladna-krava","title":{"rendered":"\u010cokoladna Krava"},"content":{"rendered":"<p>Mle\u010dna \u010dokolada<br \/>\nSerstavina: sladkor, kakavovo maslo, kakavova masa, mleko v prahu, emulgator lecitin (E322), naravni enaka aroma vanilin, kakavovih delov najmanj 38%<\/p>\n<p>Lahko vsebuje sledi lupinastega sadja in le\u0161nika<\/p>\n","protected":false},"excerpt":{"rendered":"<p>Mle\u010dna \u010dokoladna krava. Figura je votla vendar z debelimi stenami.<\/p>\n<p>Vsebina:<br \/>\n&#8211; Mle\u010dna \u010dokolada<\/p>\n","protected":false},"featured_media":1579,"comment_status":"closed","ping_status":"closed","template":"","meta":{"om_disable_all_campaigns":false,"kt_blocks_editor_width":"","_monsterinsights_skip_tracking":false,"_monsterinsights_sitenote_active":false,"_monsterinsights_sitenote_note":"","_monsterinsights_sitenote_category":0,"_uf_show_specific_survey":0,"_uf_disable_surveys":false},"product_brand":[],"product_cat":[51],"product_tag":[],"class_list":{"0":"post-1052","1":"product","2":"type-product","3":"status-publish","4":"has-post-thumbnail","6":"product_cat-cokoladne-tablice","8":"first","9":"outofstock","10":"taxable","11":"shipping-taxable","12":"purchasable","13":"product-type-simple"},"aioseo_notices":[],"_links":{"self":[{"href":"https:\/\/cokoladnica-olimje.si\/index.php?rest_route=\/wp\/v2\/product\/1052","targetHints":{"allow":["GET"]}}],"collection":[{"href":"https:\/\/cokoladnica-olimje.si\/index.php?rest_route=\/wp\/v2\/product"}],"about":[{"href":"https:\/\/cokoladnica-olimje.si\/index.php?rest_route=\/wp\/v2\/types\/product"}],"replies":[{"embeddable":true,"href":"https:\/\/cokoladnica-olimje.si\/index.php?rest_route=%2Fwp%2Fv2%2Fcomments&post=1052"}],"wp:featuredmedia":[{"embeddable":true,"href":"https:\/\/cokoladnica-olimje.si\/index.php?rest_route=\/wp\/v2\/media\/1579"}],"wp:attachment":[{"href":"https:\/\/cokoladnica-olimje.si\/index.php?rest_route=%2Fwp%2Fv2%2Fmedia&parent=1052"}],"wp:term":[{"taxonomy":"product_brand","embeddable":true,"href":"https:\/\/cokoladnica-olimje.si\/index.php?rest_route=%2Fwp%2Fv2%2Fproduct_brand&post=1052"},{"taxonomy":"product_cat","embeddable":true,"href":"https:\/\/cokoladnica-olimje.si\/index.php?rest_route=%2Fwp%2Fv2%2Fproduct_cat&post=1052"},{"taxonomy":"product_tag","embeddable":true,"href":"https:\/\/cokoladnica-olimje.si\/index.php?rest_route=%2Fwp%2Fv2%2Fproduct_tag&post=1052"}],"curies":[{"name":"wp","href":"https:\/\/api.w.org\/{rel}","templated":true}]}}