{"id":1062,"date":"2014-08-04T17:38:52","date_gmt":"2014-08-04T15:38:52","guid":{"rendered":"http:\/\/cokoladnica-olimje.si\/product\/bonboniera-obcina-podcetrtek-mala\/"},"modified":"2024-09-26T15:44:58","modified_gmt":"2024-09-26T13:44:58","slug":"bonboniera-obcina-podcetrtek-mala","status":"publish","type":"product","link":"https:\/\/cokoladnica-olimje.si\/?product=bonboniera-obcina-podcetrtek-mala","title":{"rendered":"Bonboniera Ob\u010dina Pod\u010detrtek mala"},"content":{"rendered":"<p>Pralina z mandeljnim, mareli\u010dnim, in le\u0161nikovim nadevom<br \/>\nSestavina: sladkor, mleko v prahu, kakavovo maslo, kakavova masa, jedrca marelic, mandeljevr in le\u0161nika, invertni sladkor, sorbitol, sirotka, emulgator lecitin, naravni enaka aroma vanilin, kakavovih delcev najmanj 38%.<\/p>\n<p>Lahko vsebuje sledi suhega sadja<\/p>\n","protected":false},"excerpt":{"rendered":"<p>Praline so razli\u010dnega okusa in so polo\u017eene v tri vrste. Bonboniera izgleda zelo dr\u017eavnotvorna in zelo bogata. Odpira se na pokrov.\u00a0 Ima raznovrstne pralineje. Oblikovno predstavlja ob\u010dino Pod\u010detrtek s slikami okolice.<\/p>\n<p>Sestava:<br \/>\n&#8211; Mle\u010dna, bela in temna \u010dokolada<br \/>\n&#8211; Marcipan<br \/>\n&#8211; Persipan<br \/>\n&#8211; Nuga<\/p>\n","protected":false},"featured_media":1388,"comment_status":"closed","ping_status":"closed","template":"","meta":{"om_disable_all_campaigns":false,"kt_blocks_editor_width":"","_monsterinsights_skip_tracking":false,"_monsterinsights_sitenote_active":false,"_monsterinsights_sitenote_note":"","_monsterinsights_sitenote_category":0,"_uf_show_specific_survey":0,"_uf_disable_surveys":false},"product_brand":[],"product_cat":[50],"product_tag":[],"class_list":{"0":"post-1062","1":"product","2":"type-product","3":"status-publish","4":"has-post-thumbnail","6":"product_cat-praline","8":"first","9":"outofstock","10":"taxable","11":"shipping-taxable","12":"purchasable","13":"product-type-simple"},"aioseo_notices":[],"_links":{"self":[{"href":"https:\/\/cokoladnica-olimje.si\/index.php?rest_route=\/wp\/v2\/product\/1062","targetHints":{"allow":["GET"]}}],"collection":[{"href":"https:\/\/cokoladnica-olimje.si\/index.php?rest_route=\/wp\/v2\/product"}],"about":[{"href":"https:\/\/cokoladnica-olimje.si\/index.php?rest_route=\/wp\/v2\/types\/product"}],"replies":[{"embeddable":true,"href":"https:\/\/cokoladnica-olimje.si\/index.php?rest_route=%2Fwp%2Fv2%2Fcomments&post=1062"}],"wp:featuredmedia":[{"embeddable":true,"href":"https:\/\/cokoladnica-olimje.si\/index.php?rest_route=\/wp\/v2\/media\/1388"}],"wp:attachment":[{"href":"https:\/\/cokoladnica-olimje.si\/index.php?rest_route=%2Fwp%2Fv2%2Fmedia&parent=1062"}],"wp:term":[{"taxonomy":"product_brand","embeddable":true,"href":"https:\/\/cokoladnica-olimje.si\/index.php?rest_route=%2Fwp%2Fv2%2Fproduct_brand&post=1062"},{"taxonomy":"product_cat","embeddable":true,"href":"https:\/\/cokoladnica-olimje.si\/index.php?rest_route=%2Fwp%2Fv2%2Fproduct_cat&post=1062"},{"taxonomy":"product_tag","embeddable":true,"href":"https:\/\/cokoladnica-olimje.si\/index.php?rest_route=%2Fwp%2Fv2%2Fproduct_tag&post=1062"}],"curies":[{"name":"wp","href":"https:\/\/api.w.org\/{rel}","templated":true}]}}