{"id":1074,"date":"2014-08-08T16:54:52","date_gmt":"2014-08-08T14:54:52","guid":{"rendered":"http:\/\/cokoladnica-olimje.si\/product\/bonboniera-podolgovata-3-pralinejev\/"},"modified":"2024-09-26T15:43:01","modified_gmt":"2024-09-26T13:43:01","slug":"bonboniera-podolgovata-3-pralinejev","status":"publish","type":"product","link":"https:\/\/cokoladnica-olimje.si\/?product=bonboniera-podolgovata-3-pralinejev","title":{"rendered":"Bonboniera Podolgovata 3 pralineji"},"content":{"rendered":"<p>Pralina z mandeljnim, mareli\u010dnim, in le\u0161nikovim nadevom<br \/>\nSestavina: sladkor, mleko v prahu, kakavovo maslo, kakavova masa, jedrca marelic, mandeljev in le\u0161nika, invertni sladkor, sorbitol, sirotka, emulgator lecitin, naravni enaka aroma vanilin, kakavovih delcev najmanj 38%.<\/p>\n<p>Lahko vsebuje sledi suhega sadja<\/p>\n","protected":false},"excerpt":{"rendered":"<p>Pralineji polo\u017eeni v podolgovato \u0161katlico s prozornim pokrovom. V pal\u010dki jso 3 praline razli\u010dnih okusov. Primerna je za obdaritev.<\/p>\n<p>Sestava:<br \/>\n&#8211; Mle\u010dna, bela in temna \u010dokolada<br \/>\n&#8211; Marcipan<br \/>\n&#8211; Persipan<br \/>\n&#8211; Nuga<\/p>\n","protected":false},"featured_media":1393,"comment_status":"closed","ping_status":"closed","template":"","meta":{"om_disable_all_campaigns":false,"kt_blocks_editor_width":"","_monsterinsights_skip_tracking":false,"_monsterinsights_sitenote_active":false,"_monsterinsights_sitenote_note":"","_monsterinsights_sitenote_category":0,"_uf_show_specific_survey":0,"_uf_disable_surveys":false},"product_brand":[],"product_cat":[96,50],"product_tag":[],"class_list":{"0":"post-1074","1":"product","2":"type-product","3":"status-publish","4":"has-post-thumbnail","6":"product_cat-bozicno-novoletne","7":"product_cat-praline","9":"first","10":"outofstock","11":"taxable","12":"shipping-taxable","13":"purchasable","14":"product-type-simple"},"aioseo_notices":[],"_links":{"self":[{"href":"https:\/\/cokoladnica-olimje.si\/index.php?rest_route=\/wp\/v2\/product\/1074","targetHints":{"allow":["GET"]}}],"collection":[{"href":"https:\/\/cokoladnica-olimje.si\/index.php?rest_route=\/wp\/v2\/product"}],"about":[{"href":"https:\/\/cokoladnica-olimje.si\/index.php?rest_route=\/wp\/v2\/types\/product"}],"replies":[{"embeddable":true,"href":"https:\/\/cokoladnica-olimje.si\/index.php?rest_route=%2Fwp%2Fv2%2Fcomments&post=1074"}],"wp:featuredmedia":[{"embeddable":true,"href":"https:\/\/cokoladnica-olimje.si\/index.php?rest_route=\/wp\/v2\/media\/1393"}],"wp:attachment":[{"href":"https:\/\/cokoladnica-olimje.si\/index.php?rest_route=%2Fwp%2Fv2%2Fmedia&parent=1074"}],"wp:term":[{"taxonomy":"product_brand","embeddable":true,"href":"https:\/\/cokoladnica-olimje.si\/index.php?rest_route=%2Fwp%2Fv2%2Fproduct_brand&post=1074"},{"taxonomy":"product_cat","embeddable":true,"href":"https:\/\/cokoladnica-olimje.si\/index.php?rest_route=%2Fwp%2Fv2%2Fproduct_cat&post=1074"},{"taxonomy":"product_tag","embeddable":true,"href":"https:\/\/cokoladnica-olimje.si\/index.php?rest_route=%2Fwp%2Fv2%2Fproduct_tag&post=1074"}],"curies":[{"name":"wp","href":"https:\/\/api.w.org\/{rel}","templated":true}]}}