{"id":1091,"date":"2014-08-09T12:24:02","date_gmt":"2014-08-09T10:24:02","guid":{"rendered":"http:\/\/cokoladnica-olimje.si\/product\/temna-cokolada-s-sivko\/"},"modified":"2024-09-26T15:40:26","modified_gmt":"2024-09-26T13:40:26","slug":"temna-cokolada-s-sivko","status":"publish","type":"product","link":"https:\/\/cokoladnica-olimje.si\/?product=temna-cokolada-s-sivko","title":{"rendered":"Temna \u010dokolada s sivko"},"content":{"rendered":"<p>Temna \u010dokolada s sivko<br \/>\nSestavina: sivka, kakavova masa, sladkor, emulgator lecitin (E322), naravni enaka aroma vanilin,<br \/>\nkakavovih delov najmanj 74%.<\/p>\n<p>Lahko vsebuje sledi lupinastega sadja in mleka<\/p>\n","protected":false},"excerpt":{"rendered":"<p>\u017dlahtna temna \u010dokolada s sivko. \u010cokolada je edinstvena in ob\u010dutite pravo temno \u010dokolado s 74% kakavovih delcev. Primerno za osebni u\u017eitek.<\/p>\n<p>Vsebina:<br \/>\n&#8211; Temna \u010dokolada<br \/>\n&#8211; Sivka<\/p>\n","protected":false},"featured_media":1160,"comment_status":"closed","ping_status":"closed","template":"","meta":{"om_disable_all_campaigns":false,"kt_blocks_editor_width":"","_monsterinsights_skip_tracking":false,"_monsterinsights_sitenote_active":false,"_monsterinsights_sitenote_note":"","_monsterinsights_sitenote_category":0,"_uf_show_specific_survey":0,"_uf_disable_surveys":false},"product_brand":[],"product_cat":[51],"product_tag":[],"class_list":{"0":"post-1091","1":"product","2":"type-product","3":"status-publish","4":"has-post-thumbnail","6":"product_cat-cokoladne-tablice","8":"first","9":"outofstock","10":"taxable","11":"shipping-taxable","12":"purchasable","13":"product-type-simple"},"aioseo_notices":[],"_links":{"self":[{"href":"https:\/\/cokoladnica-olimje.si\/index.php?rest_route=\/wp\/v2\/product\/1091","targetHints":{"allow":["GET"]}}],"collection":[{"href":"https:\/\/cokoladnica-olimje.si\/index.php?rest_route=\/wp\/v2\/product"}],"about":[{"href":"https:\/\/cokoladnica-olimje.si\/index.php?rest_route=\/wp\/v2\/types\/product"}],"replies":[{"embeddable":true,"href":"https:\/\/cokoladnica-olimje.si\/index.php?rest_route=%2Fwp%2Fv2%2Fcomments&post=1091"}],"wp:featuredmedia":[{"embeddable":true,"href":"https:\/\/cokoladnica-olimje.si\/index.php?rest_route=\/wp\/v2\/media\/1160"}],"wp:attachment":[{"href":"https:\/\/cokoladnica-olimje.si\/index.php?rest_route=%2Fwp%2Fv2%2Fmedia&parent=1091"}],"wp:term":[{"taxonomy":"product_brand","embeddable":true,"href":"https:\/\/cokoladnica-olimje.si\/index.php?rest_route=%2Fwp%2Fv2%2Fproduct_brand&post=1091"},{"taxonomy":"product_cat","embeddable":true,"href":"https:\/\/cokoladnica-olimje.si\/index.php?rest_route=%2Fwp%2Fv2%2Fproduct_cat&post=1091"},{"taxonomy":"product_tag","embeddable":true,"href":"https:\/\/cokoladnica-olimje.si\/index.php?rest_route=%2Fwp%2Fv2%2Fproduct_tag&post=1091"}],"curies":[{"name":"wp","href":"https:\/\/api.w.org\/{rel}","templated":true}]}}