{"id":777,"date":"2014-05-27T08:16:13","date_gmt":"2014-05-27T06:16:13","guid":{"rendered":"http:\/\/cokoladnica-olimje.si\/?post_type=product&#038;p=777"},"modified":"2024-09-26T15:56:24","modified_gmt":"2024-09-26T13:56:24","slug":"bonboniera-metulj","status":"publish","type":"product","link":"https:\/\/cokoladnica-olimje.si\/?product=bonboniera-metulj","title":{"rendered":"Bonboniera Metulj"},"content":{"rendered":"<p>Pralina z le\u0161nikovim nadevom<br \/>\nSestavina: sladkor, mleko v prahu, kakavovo maslo, kakavova masa, zdrobljena jedrca le\u0161nika, sirotka, emulgator lecitin, naravni enaka aroma vanilin, kakavovih delcev najmanj 38%.<\/p>\n<p>Lahko vsebuje sledi lupinastega sadja.<\/p>\n","protected":false},"excerpt":{"rendered":"<p>Sedem pralinejev z le\u0161nikovim nadevom na sredini metulj. Ko odgriznete se vam \u010dokolada in nugat pome\u0161ata v ustih in dobite pre\u010dudovit okus me\u0161anice le\u0161nika in bo\u017eanske \u010dokolade. Ugotovite, da je sedem parlinejev premalo.<\/p>\n<p>Vsebina:<br \/>\n&#8211; Bela, mle\u010dna in temna \u010dokolada<br \/>\n&#8211; Nugat (drobljeni le\u0161nik)<\/p>\n","protected":false},"featured_media":768,"comment_status":"closed","ping_status":"closed","template":"","meta":{"om_disable_all_campaigns":false,"kt_blocks_editor_width":"","_monsterinsights_skip_tracking":false,"_monsterinsights_sitenote_active":false,"_monsterinsights_sitenote_note":"","_monsterinsights_sitenote_category":0,"_uf_show_specific_survey":0,"_uf_disable_surveys":false},"product_brand":[],"product_cat":[50],"product_tag":[],"class_list":{"0":"post-777","1":"product","2":"type-product","3":"status-publish","4":"has-post-thumbnail","6":"product_cat-praline","7":"pa_color-green","9":"first","10":"outofstock","11":"taxable","12":"shipping-taxable","13":"purchasable","14":"product-type-simple"},"aioseo_notices":[],"_links":{"self":[{"href":"https:\/\/cokoladnica-olimje.si\/index.php?rest_route=\/wp\/v2\/product\/777","targetHints":{"allow":["GET"]}}],"collection":[{"href":"https:\/\/cokoladnica-olimje.si\/index.php?rest_route=\/wp\/v2\/product"}],"about":[{"href":"https:\/\/cokoladnica-olimje.si\/index.php?rest_route=\/wp\/v2\/types\/product"}],"replies":[{"embeddable":true,"href":"https:\/\/cokoladnica-olimje.si\/index.php?rest_route=%2Fwp%2Fv2%2Fcomments&post=777"}],"wp:featuredmedia":[{"embeddable":true,"href":"https:\/\/cokoladnica-olimje.si\/index.php?rest_route=\/wp\/v2\/media\/768"}],"wp:attachment":[{"href":"https:\/\/cokoladnica-olimje.si\/index.php?rest_route=%2Fwp%2Fv2%2Fmedia&parent=777"}],"wp:term":[{"taxonomy":"product_brand","embeddable":true,"href":"https:\/\/cokoladnica-olimje.si\/index.php?rest_route=%2Fwp%2Fv2%2Fproduct_brand&post=777"},{"taxonomy":"product_cat","embeddable":true,"href":"https:\/\/cokoladnica-olimje.si\/index.php?rest_route=%2Fwp%2Fv2%2Fproduct_cat&post=777"},{"taxonomy":"product_tag","embeddable":true,"href":"https:\/\/cokoladnica-olimje.si\/index.php?rest_route=%2Fwp%2Fv2%2Fproduct_tag&post=777"}],"curies":[{"name":"wp","href":"https:\/\/api.w.org\/{rel}","templated":true}]}}