{"id":993,"date":"2014-07-29T16:54:28","date_gmt":"2014-07-29T14:54:28","guid":{"rendered":"http:\/\/cokoladnica-olimje.si\/product\/bonboniera-srcki\/"},"modified":"2024-09-26T15:55:56","modified_gmt":"2024-09-26T13:55:56","slug":"bonboniera-srcki","status":"publish","type":"product","link":"https:\/\/cokoladnica-olimje.si\/?product=bonboniera-srcki","title":{"rendered":"Bonboniera Sr\u010dki"},"content":{"rendered":"<p>Pralina z le\u0161nikovim nadevom<br \/>\nSestavina: sladkor, mleko v prahu, kakavovo maslo, kakavova masa, zdrobljena jedrca le\u0161nika, sirotka, emulgator lecitin, naravni enaka aroma vanilin, kakavovih delcev najmanj 38%.<\/p>\n<p>Lahko vsebuje sledi lupinastega sadja.<\/p>\n","protected":false},"excerpt":{"rendered":"<p>Enajst pralinejev z le\u0161nikovim nadevom.. Ko odgriznete se vam \u010dokolada in nugat pome\u0161ata v ustih in dobite pre\u010dudovit okus me\u0161anice le\u0161nika in bo\u017eanske \u010dokolade. Primerno za obdaritev.<\/p>\n<p>Vsebina:<br \/>\n&#8211; Bela, mle\u010dna in temna \u010dokolada<br \/>\n&#8211; Nugat (drobljeni le\u0161nik)<\/p>\n","protected":false},"featured_media":1145,"comment_status":"closed","ping_status":"closed","template":"","meta":{"om_disable_all_campaigns":false,"kt_blocks_editor_width":"","_monsterinsights_skip_tracking":false,"_monsterinsights_sitenote_active":false,"_monsterinsights_sitenote_note":"","_monsterinsights_sitenote_category":0,"_uf_show_specific_survey":0,"_uf_disable_surveys":false},"product_brand":[],"product_cat":[50],"product_tag":[],"class_list":{"0":"post-993","1":"product","2":"type-product","3":"status-publish","4":"has-post-thumbnail","6":"product_cat-praline","7":"pa_color-green","9":"first","10":"outofstock","11":"taxable","12":"shipping-taxable","13":"purchasable","14":"product-type-simple"},"aioseo_notices":[],"_links":{"self":[{"href":"https:\/\/cokoladnica-olimje.si\/index.php?rest_route=\/wp\/v2\/product\/993","targetHints":{"allow":["GET"]}}],"collection":[{"href":"https:\/\/cokoladnica-olimje.si\/index.php?rest_route=\/wp\/v2\/product"}],"about":[{"href":"https:\/\/cokoladnica-olimje.si\/index.php?rest_route=\/wp\/v2\/types\/product"}],"replies":[{"embeddable":true,"href":"https:\/\/cokoladnica-olimje.si\/index.php?rest_route=%2Fwp%2Fv2%2Fcomments&post=993"}],"wp:featuredmedia":[{"embeddable":true,"href":"https:\/\/cokoladnica-olimje.si\/index.php?rest_route=\/wp\/v2\/media\/1145"}],"wp:attachment":[{"href":"https:\/\/cokoladnica-olimje.si\/index.php?rest_route=%2Fwp%2Fv2%2Fmedia&parent=993"}],"wp:term":[{"taxonomy":"product_brand","embeddable":true,"href":"https:\/\/cokoladnica-olimje.si\/index.php?rest_route=%2Fwp%2Fv2%2Fproduct_brand&post=993"},{"taxonomy":"product_cat","embeddable":true,"href":"https:\/\/cokoladnica-olimje.si\/index.php?rest_route=%2Fwp%2Fv2%2Fproduct_cat&post=993"},{"taxonomy":"product_tag","embeddable":true,"href":"https:\/\/cokoladnica-olimje.si\/index.php?rest_route=%2Fwp%2Fv2%2Fproduct_tag&post=993"}],"curies":[{"name":"wp","href":"https:\/\/api.w.org\/{rel}","templated":true}]}}